{"id":3705,"date":"2022-07-07T10:28:27","date_gmt":"2022-07-07T08:28:27","guid":{"rendered":"https:\/\/www.decci.cz\/photovoltaic\/decci-energy\/accumulation\/"},"modified":"2022-08-31T16:06:41","modified_gmt":"2022-08-31T14:06:41","slug":"accumulation","status":"publish","type":"page","link":"https:\/\/www.decci.cz\/en\/photovoltaic\/decci-energy\/accumulation\/","title":{"rendered":"Accumulation"},"content":{"rendered":"\t\t<div data-elementor-type=\"wp-page\" data-elementor-id=\"3705\" class=\"elementor elementor-3705 elementor-167\" data-elementor-post-type=\"page\">\n\t\t\t\t\t\t<section class=\"elementor-section elementor-top-section elementor-element elementor-element-ec087da elementor-section-height-min-height elementor-section-boxed elementor-section-height-default elementor-section-items-middle\" data-id=\"ec087da\" data-element_type=\"section\">\n\t\t\t\t\t\t<div class=\"elementor-container elementor-column-gap-default\">\n\t\t\t\t\t<div class=\"elementor-column elementor-col-100 elementor-top-column elementor-element elementor-element-61111ae\" data-id=\"61111ae\" data-element_type=\"column\" data-settings=\"{&quot;background_background&quot;:&quot;classic&quot;}\">\n\t\t\t<div class=\"elementor-widget-wrap elementor-element-populated\">\n\t\t\t\t\t<div class=\"elementor-background-overlay\"><\/div>\n\t\t\t\t\t\t<div class=\"elementor-element elementor-element-f4d52af elementor-widget elementor-widget-heading\" data-id=\"f4d52af\" data-element_type=\"widget\" data-widget_type=\"heading.default\">\n\t\t\t\t<div class=\"elementor-widget-container\">\n\t\t\t\t\t<h1 class=\"elementor-heading-title elementor-size-default\">BATTERY STORAGE POWER PLANTS\n<\/h1>\t\t\t\t<\/div>\n\t\t\t\t<\/div>\n\t\t\t\t\t<\/div>\n\t\t<\/div>\n\t\t\t\t\t<\/div>\n\t\t<\/section>\n\t\t\t\t<section class=\"elementor-section elementor-top-section elementor-element elementor-element-10d7724 elementor-section-boxed elementor-section-height-default elementor-section-height-default\" data-id=\"10d7724\" data-element_type=\"section\">\n\t\t\t\t\t\t<div class=\"elementor-container elementor-column-gap-default\">\n\t\t\t\t\t<div class=\"elementor-column elementor-col-100 elementor-top-column elementor-element elementor-element-87fabbf\" data-id=\"87fabbf\" data-element_type=\"column\">\n\t\t\t<div class=\"elementor-widget-wrap elementor-element-populated\">\n\t\t\t\t\t\t<div class=\"elementor-element elementor-element-59a8f0c elementor-widget elementor-widget-text-editor\" data-id=\"59a8f0c\" data-element_type=\"widget\" data-widget_type=\"text-editor.default\">\n\t\t\t\t<div class=\"elementor-widget-container\">\n\t\t\t\t\t\t\t\t\tBattery storage power plants play an important part in the transformation of the energy sector, contributing to the continuing trend of energy production decentralization. The combination of battery storage power plants and renewable energy sources creates a stable energy source with controlled energy distribution. At the time of an energy surplus, energy is accumulated to be distributed in a controlled way at energy peak hours. Large-capacity battery storage power plants will serve as a balance-creating source able to respond to distribution network dispatchers\u2019 requests within seconds.\n\n\t\t\t\t\t\t\t\t<\/div>\n\t\t\t\t<\/div>\n\t\t\t\t\t<\/div>\n\t\t<\/div>\n\t\t\t\t\t<\/div>\n\t\t<\/section>\n\t\t\t\t<section class=\"elementor-section elementor-top-section elementor-element elementor-element-e74cf19 elementor-section-boxed elementor-section-height-default elementor-section-height-default\" data-id=\"e74cf19\" data-element_type=\"section\">\n\t\t\t\t\t\t<div class=\"elementor-container elementor-column-gap-default\">\n\t\t\t\t\t<div class=\"elementor-column elementor-col-100 elementor-top-column elementor-element elementor-element-882dc6c\" data-id=\"882dc6c\" data-element_type=\"column\">\n\t\t\t<div class=\"elementor-widget-wrap elementor-element-populated\">\n\t\t\t\t\t\t<div class=\"elementor-element elementor-element-5a510e6 elementor-widget elementor-widget-heading\" data-id=\"5a510e6\" data-element_type=\"widget\" data-widget_type=\"heading.default\">\n\t\t\t\t<div class=\"elementor-widget-container\">\n\t\t\t\t\t<h2 class=\"elementor-heading-title elementor-size-default\">Large-capacity battery storage power plants\n<\/h2>\t\t\t\t<\/div>\n\t\t\t\t<\/div>\n\t\t\t\t\t<\/div>\n\t\t<\/div>\n\t\t\t\t\t<\/div>\n\t\t<\/section>\n\t\t\t\t<section class=\"elementor-section elementor-top-section elementor-element elementor-element-1708e28 elementor-section-boxed elementor-section-height-default elementor-section-height-default\" data-id=\"1708e28\" data-element_type=\"section\">\n\t\t\t\t\t\t<div class=\"elementor-container elementor-column-gap-default\">\n\t\t\t\t\t<div class=\"elementor-column elementor-col-100 elementor-top-column elementor-element elementor-element-8b0d052\" data-id=\"8b0d052\" data-element_type=\"column\">\n\t\t\t<div class=\"elementor-widget-wrap elementor-element-populated\">\n\t\t\t\t\t\t<div class=\"elementor-element elementor-element-f98b7ac elementor-widget elementor-widget-text-editor\" data-id=\"f98b7ac\" data-element_type=\"widget\" data-widget_type=\"text-editor.default\">\n\t\t\t\t<div class=\"elementor-widget-container\">\n\t\t\t\t\t\t\t\t\t<p>We assist you in designing and constructing large-capacity battery storage power plants. Accumulation of electric energy has the potential to contribute to an expansion of renewable energy sources, particularly photovoltaic power plants and wind turbines. Large batteries store energy from the group\u2019s power plants as well as deal with surplus energy, balancing out the distribution network.<\/p><p>At the time of a surplus of energy, it is necessary to store this excess energy for later use. In contrast, when there is not enough energy in the network, battery storage power plants balance out the differences in the distribution network. Storing energy in batteries as well as other efficient ways of energy accumulation make it possible for energy to be used on an as-needed basis.<\/p>\t\t\t\t\t\t\t\t<\/div>\n\t\t\t\t<\/div>\n\t\t\t\t\t<\/div>\n\t\t<\/div>\n\t\t\t\t\t<\/div>\n\t\t<\/section>\n\t\t\t\t<section class=\"elementor-section elementor-top-section elementor-element elementor-element-8df2d33 elementor-section-boxed elementor-section-height-default elementor-section-height-default\" data-id=\"8df2d33\" data-element_type=\"section\">\n\t\t\t\t\t\t<div class=\"elementor-container elementor-column-gap-default\">\n\t\t\t\t\t<div class=\"elementor-column elementor-col-100 elementor-top-column elementor-element elementor-element-419d4b5\" data-id=\"419d4b5\" data-element_type=\"column\">\n\t\t\t<div class=\"elementor-widget-wrap elementor-element-populated\">\n\t\t\t\t\t\t<div class=\"elementor-element elementor-element-a38dfad elementor-widget elementor-widget-heading\" data-id=\"a38dfad\" data-element_type=\"widget\" data-widget_type=\"heading.default\">\n\t\t\t\t<div class=\"elementor-widget-container\">\n\t\t\t\t\t<h2 class=\"elementor-heading-title elementor-size-default\">Innovative energy solutions\n<\/h2>\t\t\t\t<\/div>\n\t\t\t\t<\/div>\n\t\t\t\t\t<\/div>\n\t\t<\/div>\n\t\t\t\t\t<\/div>\n\t\t<\/section>\n\t\t\t\t<section class=\"elementor-section elementor-top-section elementor-element elementor-element-422e422 elementor-section-boxed elementor-section-height-default elementor-section-height-default\" data-id=\"422e422\" data-element_type=\"section\">\n\t\t\t\t\t\t<div class=\"elementor-container elementor-column-gap-default\">\n\t\t\t\t\t<div class=\"elementor-column elementor-col-100 elementor-top-column elementor-element elementor-element-617b918\" data-id=\"617b918\" data-element_type=\"column\">\n\t\t\t<div class=\"elementor-widget-wrap elementor-element-populated\">\n\t\t\t\t\t\t<div class=\"elementor-element elementor-element-315a262 elementor-widget elementor-widget-text-editor\" data-id=\"315a262\" data-element_type=\"widget\" data-widget_type=\"text-editor.default\">\n\t\t\t\t<div class=\"elementor-widget-container\">\n\t\t\t\t\t\t\t\t\tHigh-capacity battery systems will accelerate the expansion of renewable and alternative energy sources in households and companies in the Czech Republic. We support cheaper and, more importantly, healthier way of obtaining electric energy.  That is why we use natural sources of energy \u2013 photovoltaic power plants, hydroelectric power plants, and wind turbines.\n\n\t\t\t\t\t\t\t\t<\/div>\n\t\t\t\t<\/div>\n\t\t\t\t\t<\/div>\n\t\t<\/div>\n\t\t\t\t\t<\/div>\n\t\t<\/section>\n\t\t\t\t<section class=\"elementor-section elementor-top-section elementor-element elementor-element-a512ac9 elementor-section-boxed elementor-section-height-default elementor-section-height-default\" data-id=\"a512ac9\" data-element_type=\"section\">\n\t\t\t\t\t\t<div class=\"elementor-container elementor-column-gap-default\">\n\t\t\t\t\t<div class=\"elementor-column elementor-col-100 elementor-top-column elementor-element elementor-element-03fbefb\" data-id=\"03fbefb\" data-element_type=\"column\">\n\t\t\t<div class=\"elementor-widget-wrap elementor-element-populated\">\n\t\t\t\t\t\t<div class=\"elementor-element elementor-element-44a9c5c elementor-widget elementor-widget-heading\" data-id=\"44a9c5c\" data-element_type=\"widget\" data-widget_type=\"heading.default\">\n\t\t\t\t<div class=\"elementor-widget-container\">\n\t\t\t\t\t<h2 class=\"elementor-heading-title elementor-size-default\">Innovative approaches and legislation\n<\/h2>\t\t\t\t<\/div>\n\t\t\t\t<\/div>\n\t\t\t\t\t<\/div>\n\t\t<\/div>\n\t\t\t\t\t<\/div>\n\t\t<\/section>\n\t\t\t\t<section class=\"elementor-section elementor-top-section elementor-element elementor-element-3a6128f elementor-section-boxed elementor-section-height-default elementor-section-height-default\" data-id=\"3a6128f\" data-element_type=\"section\">\n\t\t\t\t\t\t<div class=\"elementor-container elementor-column-gap-default\">\n\t\t\t\t\t<div class=\"elementor-column elementor-col-100 elementor-top-column elementor-element elementor-element-29bdbc2\" data-id=\"29bdbc2\" data-element_type=\"column\">\n\t\t\t<div class=\"elementor-widget-wrap elementor-element-populated\">\n\t\t\t\t\t\t<div class=\"elementor-element elementor-element-cf7463b elementor-widget elementor-widget-text-editor\" data-id=\"cf7463b\" data-element_type=\"widget\" data-widget_type=\"text-editor.default\">\n\t\t\t\t<div class=\"elementor-widget-container\">\n\t\t\t\t\t\t\t\t\t<p>If necessary legislation becomes effective in the Czech Republic, batteries might become a functional part of the country\u2019s energy system. Connected batteries even out substantial differences between peak and off-peak hours in the distribution network. That is why we are founding partners of a new association AKU-BAT CZ, the first association of this sort in the Czech Republic. Our legislation does not currently rely on batteries as a possible energy source although accumulation of energy constitutes the future of modern power engineering. The association seeks to include the term \u201cbattery storage power plant\u201d as well as other forms of energy accumulation in legislation.<\/p><p>Energy accumulation boasts a huge potential. If the world is to fulfil its obligations related to adopting low-carbon technologies, it will be necessary to build 20 more gigawatts by 2025. And a recently published study by the International Energy Association expects the capacity of electric energy battery storages will multiply nearly twenty fold over the next ten years.<\/p>\t\t\t\t\t\t\t\t<\/div>\n\t\t\t\t<\/div>\n\t\t\t\t\t<\/div>\n\t\t<\/div>\n\t\t\t\t\t<\/div>\n\t\t<\/section>\n\t\t\t\t<\/div>\n\t\t","protected":false},"excerpt":{"rendered":"<p>BATTERY STORAGE POWER PLANTS Battery storage power plants play an important part in the transformation of the energy sector, contributing to the continuing trend of energy production decentralization. The combination of battery storage power plants and renewable energy sources creates a stable energy source with controlled energy distribution. At the time of an energy surplus, [&hellip;]<\/p>\n","protected":false},"author":1,"featured_media":0,"parent":3639,"menu_order":3,"comment_status":"closed","ping_status":"closed","template":"","meta":{"footnotes":""},"class_list":["post-3705","page","type-page","status-publish","hentry"],"yoast_head":"<!-- This site is optimized with the Yoast SEO plugin v25.3.1 - https:\/\/yoast.com\/wordpress\/plugins\/seo\/ -->\n<title>Accumulation - DECCI<\/title>\n<meta name=\"robots\" content=\"index, follow, max-snippet:-1, max-image-preview:large, max-video-preview:-1\" \/>\n<link rel=\"canonical\" href=\"https:\/\/www.decci.cz\/en\/photovoltaic\/decci-energy\/accumulation\/\" \/>\n<meta property=\"og:locale\" content=\"en_US\" \/>\n<meta property=\"og:type\" content=\"article\" \/>\n<meta property=\"og:title\" content=\"Accumulation - DECCI\" \/>\n<meta property=\"og:description\" content=\"BATTERY STORAGE POWER PLANTS Battery storage power plants play an important part in the transformation of the energy sector, contributing to the continuing trend of energy production decentralization. The combination of battery storage power plants and renewable energy sources creates a stable energy source with controlled energy distribution. At the time of an energy surplus, [&hellip;]\" \/>\n<meta property=\"og:url\" content=\"https:\/\/www.decci.cz\/en\/photovoltaic\/decci-energy\/accumulation\/\" \/>\n<meta property=\"og:site_name\" content=\"DECCI\" \/>\n<meta property=\"article:modified_time\" content=\"2022-08-31T14:06:41+00:00\" \/>\n<meta name=\"twitter:card\" content=\"summary_large_image\" \/>\n<meta name=\"twitter:label1\" content=\"Est. reading time\" \/>\n\t<meta name=\"twitter:data1\" content=\"2 minutes\" \/>\n<script type=\"application\/ld+json\" class=\"yoast-schema-graph\">{\"@context\":\"https:\/\/schema.org\",\"@graph\":[{\"@type\":\"WebPage\",\"@id\":\"https:\/\/www.decci.cz\/en\/photovoltaic\/decci-energy\/accumulation\/\",\"url\":\"https:\/\/www.decci.cz\/en\/photovoltaic\/decci-energy\/accumulation\/\",\"name\":\"Accumulation - DECCI\",\"isPartOf\":{\"@id\":\"https:\/\/www.decci.cz\/#website\"},\"datePublished\":\"2022-07-07T08:28:27+00:00\",\"dateModified\":\"2022-08-31T14:06:41+00:00\",\"breadcrumb\":{\"@id\":\"https:\/\/www.decci.cz\/en\/photovoltaic\/decci-energy\/accumulation\/#breadcrumb\"},\"inLanguage\":\"en-US\",\"potentialAction\":[{\"@type\":\"ReadAction\",\"target\":[\"https:\/\/www.decci.cz\/en\/photovoltaic\/decci-energy\/accumulation\/\"]}]},{\"@type\":\"BreadcrumbList\",\"@id\":\"https:\/\/www.decci.cz\/en\/photovoltaic\/decci-energy\/accumulation\/#breadcrumb\",\"itemListElement\":[{\"@type\":\"ListItem\",\"position\":1,\"name\":\"Dom\u016f\",\"item\":\"https:\/\/www.decci.cz\/en\/\"},{\"@type\":\"ListItem\",\"position\":2,\"name\":\"Photovoltaic\",\"item\":\"https:\/\/www.decci.cz\/en\/photovoltaic\/\"},{\"@type\":\"ListItem\",\"position\":3,\"name\":\"DECCI ENERGY\",\"item\":\"https:\/\/www.decci.cz\/en\/photovoltaic\/decci-energy\/\"},{\"@type\":\"ListItem\",\"position\":4,\"name\":\"Accumulation\"}]},{\"@type\":\"WebSite\",\"@id\":\"https:\/\/www.decci.cz\/#website\",\"url\":\"https:\/\/www.decci.cz\/\",\"name\":\"DECCI\",\"description\":\"Vytv\u00e1\u0159\u00edme infrastrukturu budoucnosti\",\"potentialAction\":[{\"@type\":\"SearchAction\",\"target\":{\"@type\":\"EntryPoint\",\"urlTemplate\":\"https:\/\/www.decci.cz\/?s={search_term_string}\"},\"query-input\":{\"@type\":\"PropertyValueSpecification\",\"valueRequired\":true,\"valueName\":\"search_term_string\"}}],\"inLanguage\":\"en-US\"}]}<\/script>\n<!-- \/ Yoast SEO plugin. -->","yoast_head_json":{"title":"Accumulation - DECCI","robots":{"index":"index","follow":"follow","max-snippet":"max-snippet:-1","max-image-preview":"max-image-preview:large","max-video-preview":"max-video-preview:-1"},"canonical":"https:\/\/www.decci.cz\/en\/photovoltaic\/decci-energy\/accumulation\/","og_locale":"en_US","og_type":"article","og_title":"Accumulation - DECCI","og_description":"BATTERY STORAGE POWER PLANTS Battery storage power plants play an important part in the transformation of the energy sector, contributing to the continuing trend of energy production decentralization. The combination of battery storage power plants and renewable energy sources creates a stable energy source with controlled energy distribution. At the time of an energy surplus, [&hellip;]","og_url":"https:\/\/www.decci.cz\/en\/photovoltaic\/decci-energy\/accumulation\/","og_site_name":"DECCI","article_modified_time":"2022-08-31T14:06:41+00:00","twitter_card":"summary_large_image","twitter_misc":{"Est. reading time":"2 minutes"},"schema":{"@context":"https:\/\/schema.org","@graph":[{"@type":"WebPage","@id":"https:\/\/www.decci.cz\/en\/photovoltaic\/decci-energy\/accumulation\/","url":"https:\/\/www.decci.cz\/en\/photovoltaic\/decci-energy\/accumulation\/","name":"Accumulation - DECCI","isPartOf":{"@id":"https:\/\/www.decci.cz\/#website"},"datePublished":"2022-07-07T08:28:27+00:00","dateModified":"2022-08-31T14:06:41+00:00","breadcrumb":{"@id":"https:\/\/www.decci.cz\/en\/photovoltaic\/decci-energy\/accumulation\/#breadcrumb"},"inLanguage":"en-US","potentialAction":[{"@type":"ReadAction","target":["https:\/\/www.decci.cz\/en\/photovoltaic\/decci-energy\/accumulation\/"]}]},{"@type":"BreadcrumbList","@id":"https:\/\/www.decci.cz\/en\/photovoltaic\/decci-energy\/accumulation\/#breadcrumb","itemListElement":[{"@type":"ListItem","position":1,"name":"Dom\u016f","item":"https:\/\/www.decci.cz\/en\/"},{"@type":"ListItem","position":2,"name":"Photovoltaic","item":"https:\/\/www.decci.cz\/en\/photovoltaic\/"},{"@type":"ListItem","position":3,"name":"DECCI ENERGY","item":"https:\/\/www.decci.cz\/en\/photovoltaic\/decci-energy\/"},{"@type":"ListItem","position":4,"name":"Accumulation"}]},{"@type":"WebSite","@id":"https:\/\/www.decci.cz\/#website","url":"https:\/\/www.decci.cz\/","name":"DECCI","description":"Vytv\u00e1\u0159\u00edme infrastrukturu budoucnosti","potentialAction":[{"@type":"SearchAction","target":{"@type":"EntryPoint","urlTemplate":"https:\/\/www.decci.cz\/?s={search_term_string}"},"query-input":{"@type":"PropertyValueSpecification","valueRequired":true,"valueName":"search_term_string"}}],"inLanguage":"en-US"}]}},"_links":{"self":[{"href":"https:\/\/www.decci.cz\/en\/wp-json\/wp\/v2\/pages\/3705","targetHints":{"allow":["GET"]}}],"collection":[{"href":"https:\/\/www.decci.cz\/en\/wp-json\/wp\/v2\/pages"}],"about":[{"href":"https:\/\/www.decci.cz\/en\/wp-json\/wp\/v2\/types\/page"}],"author":[{"embeddable":true,"href":"https:\/\/www.decci.cz\/en\/wp-json\/wp\/v2\/users\/1"}],"replies":[{"embeddable":true,"href":"https:\/\/www.decci.cz\/en\/wp-json\/wp\/v2\/comments?post=3705"}],"version-history":[{"count":3,"href":"https:\/\/www.decci.cz\/en\/wp-json\/wp\/v2\/pages\/3705\/revisions"}],"predecessor-version":[{"id":3708,"href":"https:\/\/www.decci.cz\/en\/wp-json\/wp\/v2\/pages\/3705\/revisions\/3708"}],"up":[{"embeddable":true,"href":"https:\/\/www.decci.cz\/en\/wp-json\/wp\/v2\/pages\/3639"}],"wp:attachment":[{"href":"https:\/\/www.decci.cz\/en\/wp-json\/wp\/v2\/media?parent=3705"}],"curies":[{"name":"wp","href":"https:\/\/api.w.org\/{rel}","templated":true}]}}