{"id":3631,"date":"2022-07-07T09:08:37","date_gmt":"2022-07-07T07:08:37","guid":{"rendered":"https:\/\/www.decci.cz\/about-us\/download\/"},"modified":"2022-09-02T09:54:48","modified_gmt":"2022-09-02T07:54:48","slug":"download","status":"publish","type":"page","link":"https:\/\/www.decci.cz\/en\/about-us\/download\/","title":{"rendered":"Download"},"content":{"rendered":"\t\t<div data-elementor-type=\"wp-page\" data-elementor-id=\"3631\" class=\"elementor elementor-3631 elementor-92\" data-elementor-post-type=\"page\">\n\t\t\t\t\t\t<section class=\"elementor-section elementor-top-section elementor-element elementor-element-a7e0c4f elementor-section-height-min-height elementor-section-boxed elementor-section-height-default elementor-section-items-middle\" data-id=\"a7e0c4f\" data-element_type=\"section\">\n\t\t\t\t\t\t<div class=\"elementor-container elementor-column-gap-default\">\n\t\t\t\t\t<div class=\"elementor-column elementor-col-100 elementor-top-column elementor-element elementor-element-5c5af77\" data-id=\"5c5af77\" data-element_type=\"column\" data-settings=\"{&quot;background_background&quot;:&quot;classic&quot;}\">\n\t\t\t<div class=\"elementor-widget-wrap elementor-element-populated\">\n\t\t\t\t\t<div class=\"elementor-background-overlay\"><\/div>\n\t\t\t\t\t\t<div class=\"elementor-element elementor-element-2ebe4fa elementor-widget elementor-widget-heading\" data-id=\"2ebe4fa\" data-element_type=\"widget\" data-widget_type=\"heading.default\">\n\t\t\t\t<div class=\"elementor-widget-container\">\n\t\t\t\t\t<h1 class=\"elementor-heading-title elementor-size-default\">Download<\/h1>\t\t\t\t<\/div>\n\t\t\t\t<\/div>\n\t\t\t\t\t<\/div>\n\t\t<\/div>\n\t\t\t\t\t<\/div>\n\t\t<\/section>\n\t\t\t\t<section class=\"elementor-section elementor-top-section elementor-element elementor-element-f7a143a elementor-section-boxed elementor-section-height-default elementor-section-height-default\" data-id=\"f7a143a\" data-element_type=\"section\">\n\t\t\t\t\t\t<div class=\"elementor-container elementor-column-gap-default\">\n\t\t\t\t\t<div class=\"elementor-column elementor-col-100 elementor-top-column elementor-element elementor-element-441c0b7\" data-id=\"441c0b7\" data-element_type=\"column\">\n\t\t\t<div class=\"elementor-widget-wrap elementor-element-populated\">\n\t\t\t\t\t\t<div class=\"elementor-element elementor-element-2072952 elementor-widget elementor-widget-heading\" data-id=\"2072952\" data-element_type=\"widget\" data-widget_type=\"heading.default\">\n\t\t\t\t<div class=\"elementor-widget-container\">\n\t\t\t\t\t<h2 class=\"elementor-heading-title elementor-size-default\">Privacy notice on the protection of personal information for employees, workers and supplier\n<\/h2>\t\t\t\t<\/div>\n\t\t\t\t<\/div>\n\t\t\t\t\t<\/div>\n\t\t<\/div>\n\t\t\t\t\t<\/div>\n\t\t<\/section>\n\t\t\t\t<section class=\"elementor-section elementor-top-section elementor-element elementor-element-2464e02 elementor-section-boxed elementor-section-height-default elementor-section-height-default\" data-id=\"2464e02\" data-element_type=\"section\">\n\t\t\t\t\t\t<div class=\"elementor-container elementor-column-gap-default\">\n\t\t\t\t\t<div class=\"elementor-column elementor-col-100 elementor-top-column elementor-element elementor-element-ea0bf78\" data-id=\"ea0bf78\" data-element_type=\"column\">\n\t\t\t<div class=\"elementor-widget-wrap elementor-element-populated\">\n\t\t\t\t\t\t<div class=\"elementor-element elementor-element-01ef919 elementor-widget elementor-widget-text-editor\" data-id=\"01ef919\" data-element_type=\"widget\" data-widget_type=\"text-editor.default\">\n\t\t\t\t<div class=\"elementor-widget-container\">\n\t\t\t\t\t\t\t\t\t<ul>\n \t<li><a href=\"https:\/\/www.decci.cz\/wp-content\/uploads\/2022\/07\/Decci_Ozna\u0301meni\u0301-o-ochrane\u030c-osobni\u0301ch-u\u0301daju\u030a-pro-zame\u030cstnance-pracovni\u0301ky-a-dodavatele_Decci-a.s..pdf\" target=\"_blank\" rel=\"noopener\">Decci a.s. data protection notice<\/a><\/li>\n \t<li><a href=\"https:\/\/www.decci.cz\/wp-content\/uploads\/2022\/07\/Decci-servis_Ozna\u0301meni\u0301-o-ochrane\u030c-osobni\u0301ch-u\u0301daju\u030a-pro-zame\u030cstnance-pracovni\u0301ky-a-dodavatele_Decci-servis-s.r.o..pdf\" target=\"_blank\" rel=\"noopener\">Decci servis s.r.o. data protection notice<\/a><\/li>\n \t<li><a href=\"https:\/\/www.decci.cz\/wp-content\/uploads\/2022\/07\/FVE-Czech_Ozna\u0301meni\u0301-o-ochrane\u030c-osobni\u0301ch-u\u0301daju\u030a-pro-zame\u030cstnance-pracovni\u0301ky-a-dodavatele_FVE-CZECH-a.s..pdf\" target=\"_blank\" rel=\"noopener\">FVE CZECH a.s. data protection notice<\/a><\/li>\n \t<li><a href=\"https:\/\/www.decci.cz\/wp-content\/uploads\/2022\/07\/FVE-Czech-NOVUM_Ozna\u0301meni\u0301-o-ochrane\u030c-osobni\u0301ch-u\u0301daju\u030a-pro-zame\u030cstnance-pracovni\u0301ky-a-dodavatele_FVE-CZECH-NOVUM-s.r.o..pdf\" target=\"_blank\" rel=\"noopener\">FVE CZECH NOVUM s.r.o. data protection notice<\/a><\/li>\n \t<li><a href=\"https:\/\/www.decci.cz\/wp-content\/uploads\/2022\/07\/Ozna\u0301meni\u0301-o-ochrane\u030c-osobni\u0301ch-u\u0301daju\u030a-FVE-Energy-Be\u030cla\u0301-s.r.o..pdf\">FVE Energy B\u011bla s.r.o. data protection notice<\/a><\/li>\n \t<li><a href=\"https:\/\/www.decci.cz\/wp-content\/uploads\/2022\/07\/Ozna\u0301meni\u0301-o-ochrane\u030c-osobni\u0301ch-u\u0301daju\u030a-NOVUM-property-a.s...pdf\" target=\"_blank\" rel=\"noopener\">NOVUM property a.s. data protection notice<\/a><\/li>\n \t<li><a href=\"https:\/\/www.decci.cz\/wp-content\/uploads\/2022\/07\/COOKIE-POLICY-DECCI-a.s..pdf\" target=\"_blank\" rel=\"noopener\">Cookie Policy for the website decci.cz<\/a><\/li>\n<\/ul>\t\t\t\t\t\t\t\t<\/div>\n\t\t\t\t<\/div>\n\t\t\t\t\t<\/div>\n\t\t<\/div>\n\t\t\t\t\t<\/div>\n\t\t<\/section>\n\t\t\t\t<\/div>\n\t\t","protected":false},"excerpt":{"rendered":"<p>Download Privacy notice on the protection of personal information for employees, workers and supplier Decci a.s. data protection notice Decci servis s.r.o. data protection notice FVE CZECH a.s. data protection notice FVE CZECH NOVUM s.r.o. data protection notice FVE Energy B\u011bla s.r.o. data protection notice NOVUM property a.s. data protection notice Cookie Policy for the [&hellip;]<\/p>\n","protected":false},"author":1,"featured_media":0,"parent":3595,"menu_order":5,"comment_status":"closed","ping_status":"closed","template":"","meta":{"footnotes":""},"class_list":["post-3631","page","type-page","status-publish","hentry"],"yoast_head":"<!-- This site is optimized with the Yoast SEO plugin v25.3.1 - https:\/\/yoast.com\/wordpress\/plugins\/seo\/ -->\n<title>Download - DECCI<\/title>\n<meta name=\"robots\" content=\"index, follow, max-snippet:-1, max-image-preview:large, max-video-preview:-1\" \/>\n<link rel=\"canonical\" href=\"https:\/\/www.decci.cz\/o-nas\/ke-stazeni\/\" \/>\n<meta property=\"og:locale\" content=\"en_US\" \/>\n<meta property=\"og:type\" content=\"article\" \/>\n<meta property=\"og:title\" content=\"Download - DECCI\" \/>\n<meta property=\"og:description\" content=\"Download Privacy notice on the protection of personal information for employees, workers and supplier Decci a.s. data protection notice Decci servis s.r.o. data protection notice FVE CZECH a.s. data protection notice FVE CZECH NOVUM s.r.o. data protection notice FVE Energy B\u011bla s.r.o. data protection notice NOVUM property a.s. data protection notice Cookie Policy for the [&hellip;]\" \/>\n<meta property=\"og:url\" content=\"https:\/\/www.decci.cz\/o-nas\/ke-stazeni\/\" \/>\n<meta property=\"og:site_name\" content=\"DECCI\" \/>\n<meta property=\"article:modified_time\" content=\"2022-09-02T07:54:48+00:00\" \/>\n<meta name=\"twitter:card\" content=\"summary_large_image\" \/>\n<script type=\"application\/ld+json\" class=\"yoast-schema-graph\">{\"@context\":\"https:\/\/schema.org\",\"@graph\":[{\"@type\":\"WebPage\",\"@id\":\"https:\/\/www.decci.cz\/o-nas\/ke-stazeni\/\",\"url\":\"https:\/\/www.decci.cz\/o-nas\/ke-stazeni\/\",\"name\":\"Download - DECCI\",\"isPartOf\":{\"@id\":\"https:\/\/www.decci.cz\/#website\"},\"datePublished\":\"2022-07-07T07:08:37+00:00\",\"dateModified\":\"2022-09-02T07:54:48+00:00\",\"breadcrumb\":{\"@id\":\"https:\/\/www.decci.cz\/o-nas\/ke-stazeni\/#breadcrumb\"},\"inLanguage\":\"en-US\",\"potentialAction\":[{\"@type\":\"ReadAction\",\"target\":[\"https:\/\/www.decci.cz\/o-nas\/ke-stazeni\/\"]}]},{\"@type\":\"BreadcrumbList\",\"@id\":\"https:\/\/www.decci.cz\/o-nas\/ke-stazeni\/#breadcrumb\",\"itemListElement\":[{\"@type\":\"ListItem\",\"position\":1,\"name\":\"Dom\u016f\",\"item\":\"https:\/\/www.decci.cz\/en\/\"},{\"@type\":\"ListItem\",\"position\":2,\"name\":\"About us\",\"item\":\"https:\/\/www.decci.cz\/en\/about-us\/\"},{\"@type\":\"ListItem\",\"position\":3,\"name\":\"Download\"}]},{\"@type\":\"WebSite\",\"@id\":\"https:\/\/www.decci.cz\/#website\",\"url\":\"https:\/\/www.decci.cz\/\",\"name\":\"DECCI\",\"description\":\"Vytv\u00e1\u0159\u00edme infrastrukturu budoucnosti\",\"potentialAction\":[{\"@type\":\"SearchAction\",\"target\":{\"@type\":\"EntryPoint\",\"urlTemplate\":\"https:\/\/www.decci.cz\/?s={search_term_string}\"},\"query-input\":{\"@type\":\"PropertyValueSpecification\",\"valueRequired\":true,\"valueName\":\"search_term_string\"}}],\"inLanguage\":\"en-US\"}]}<\/script>\n<!-- \/ Yoast SEO plugin. -->","yoast_head_json":{"title":"Download - DECCI","robots":{"index":"index","follow":"follow","max-snippet":"max-snippet:-1","max-image-preview":"max-image-preview:large","max-video-preview":"max-video-preview:-1"},"canonical":"https:\/\/www.decci.cz\/o-nas\/ke-stazeni\/","og_locale":"en_US","og_type":"article","og_title":"Download - DECCI","og_description":"Download Privacy notice on the protection of personal information for employees, workers and supplier Decci a.s. data protection notice Decci servis s.r.o. data protection notice FVE CZECH a.s. data protection notice FVE CZECH NOVUM s.r.o. data protection notice FVE Energy B\u011bla s.r.o. data protection notice NOVUM property a.s. data protection notice Cookie Policy for the [&hellip;]","og_url":"https:\/\/www.decci.cz\/o-nas\/ke-stazeni\/","og_site_name":"DECCI","article_modified_time":"2022-09-02T07:54:48+00:00","twitter_card":"summary_large_image","schema":{"@context":"https:\/\/schema.org","@graph":[{"@type":"WebPage","@id":"https:\/\/www.decci.cz\/o-nas\/ke-stazeni\/","url":"https:\/\/www.decci.cz\/o-nas\/ke-stazeni\/","name":"Download - DECCI","isPartOf":{"@id":"https:\/\/www.decci.cz\/#website"},"datePublished":"2022-07-07T07:08:37+00:00","dateModified":"2022-09-02T07:54:48+00:00","breadcrumb":{"@id":"https:\/\/www.decci.cz\/o-nas\/ke-stazeni\/#breadcrumb"},"inLanguage":"en-US","potentialAction":[{"@type":"ReadAction","target":["https:\/\/www.decci.cz\/o-nas\/ke-stazeni\/"]}]},{"@type":"BreadcrumbList","@id":"https:\/\/www.decci.cz\/o-nas\/ke-stazeni\/#breadcrumb","itemListElement":[{"@type":"ListItem","position":1,"name":"Dom\u016f","item":"https:\/\/www.decci.cz\/en\/"},{"@type":"ListItem","position":2,"name":"About us","item":"https:\/\/www.decci.cz\/en\/about-us\/"},{"@type":"ListItem","position":3,"name":"Download"}]},{"@type":"WebSite","@id":"https:\/\/www.decci.cz\/#website","url":"https:\/\/www.decci.cz\/","name":"DECCI","description":"Vytv\u00e1\u0159\u00edme infrastrukturu budoucnosti","potentialAction":[{"@type":"SearchAction","target":{"@type":"EntryPoint","urlTemplate":"https:\/\/www.decci.cz\/?s={search_term_string}"},"query-input":{"@type":"PropertyValueSpecification","valueRequired":true,"valueName":"search_term_string"}}],"inLanguage":"en-US"}]}},"_links":{"self":[{"href":"https:\/\/www.decci.cz\/en\/wp-json\/wp\/v2\/pages\/3631","targetHints":{"allow":["GET"]}}],"collection":[{"href":"https:\/\/www.decci.cz\/en\/wp-json\/wp\/v2\/pages"}],"about":[{"href":"https:\/\/www.decci.cz\/en\/wp-json\/wp\/v2\/types\/page"}],"author":[{"embeddable":true,"href":"https:\/\/www.decci.cz\/en\/wp-json\/wp\/v2\/users\/1"}],"replies":[{"embeddable":true,"href":"https:\/\/www.decci.cz\/en\/wp-json\/wp\/v2\/comments?post=3631"}],"version-history":[{"count":6,"href":"https:\/\/www.decci.cz\/en\/wp-json\/wp\/v2\/pages\/3631\/revisions"}],"predecessor-version":[{"id":3895,"href":"https:\/\/www.decci.cz\/en\/wp-json\/wp\/v2\/pages\/3631\/revisions\/3895"}],"up":[{"embeddable":true,"href":"https:\/\/www.decci.cz\/en\/wp-json\/wp\/v2\/pages\/3595"}],"wp:attachment":[{"href":"https:\/\/www.decci.cz\/en\/wp-json\/wp\/v2\/media?parent=3631"}],"curies":[{"name":"wp","href":"https:\/\/api.w.org\/{rel}","templated":true}]}}