{"id":3627,"date":"2022-07-07T09:05:06","date_gmt":"2022-07-07T07:05:06","guid":{"rendered":"https:\/\/www.decci.cz\/about-us\/career\/"},"modified":"2022-09-02T09:48:44","modified_gmt":"2022-09-02T07:48:44","slug":"career","status":"publish","type":"page","link":"https:\/\/www.decci.cz\/en\/about-us\/career\/","title":{"rendered":"Career"},"content":{"rendered":"\t\t<div data-elementor-type=\"wp-page\" data-elementor-id=\"3627\" class=\"elementor elementor-3627 elementor-87\" data-elementor-post-type=\"page\">\n\t\t\t\t\t\t<section class=\"elementor-section elementor-top-section elementor-element elementor-element-659a9ac elementor-section-height-min-height elementor-section-boxed elementor-section-height-default elementor-section-items-middle\" data-id=\"659a9ac\" data-element_type=\"section\">\n\t\t\t\t\t\t<div class=\"elementor-container elementor-column-gap-default\">\n\t\t\t\t\t<div class=\"elementor-column elementor-col-100 elementor-top-column elementor-element elementor-element-1e1b1c1\" data-id=\"1e1b1c1\" data-element_type=\"column\" data-settings=\"{&quot;background_background&quot;:&quot;classic&quot;}\">\n\t\t\t<div class=\"elementor-widget-wrap elementor-element-populated\">\n\t\t\t\t\t<div class=\"elementor-background-overlay\"><\/div>\n\t\t\t\t\t\t<div class=\"elementor-element elementor-element-7a255c0 elementor-widget elementor-widget-heading\" data-id=\"7a255c0\" data-element_type=\"widget\" data-widget_type=\"heading.default\">\n\t\t\t\t<div class=\"elementor-widget-container\">\n\t\t\t\t\t<h1 class=\"elementor-heading-title elementor-size-default\">Career<\/h1>\t\t\t\t<\/div>\n\t\t\t\t<\/div>\n\t\t\t\t<div class=\"elementor-element elementor-element-2476ad6 elementor-widget-divider--view-line elementor-widget elementor-widget-divider\" data-id=\"2476ad6\" data-element_type=\"widget\" data-widget_type=\"divider.default\">\n\t\t\t\t<div class=\"elementor-widget-container\">\n\t\t\t\t\t\t\t<div class=\"elementor-divider\">\n\t\t\t<span class=\"elementor-divider-separator\">\n\t\t\t\t\t\t<\/span>\n\t\t<\/div>\n\t\t\t\t\t\t<\/div>\n\t\t\t\t<\/div>\n\t\t\t\t<div class=\"elementor-element elementor-element-1fddf4e elementor-widget elementor-widget-text-editor\" data-id=\"1fddf4e\" data-element_type=\"widget\" data-widget_type=\"text-editor.default\">\n\t\t\t\t<div class=\"elementor-widget-container\">\n\t\t\t\t\t\t\t\t\tWe are on the lookout for talented colleagues to join us. And we have exciting vacancies too.\n\n\t\t\t\t\t\t\t\t<\/div>\n\t\t\t\t<\/div>\n\t\t\t\t\t<\/div>\n\t\t<\/div>\n\t\t\t\t\t<\/div>\n\t\t<\/section>\n\t\t\t\t<section class=\"elementor-section elementor-top-section elementor-element elementor-element-f4347c2 elementor-section-boxed elementor-section-height-default elementor-section-height-default\" data-id=\"f4347c2\" data-element_type=\"section\">\n\t\t\t\t\t\t<div class=\"elementor-container elementor-column-gap-default\">\n\t\t\t\t\t<div class=\"elementor-column elementor-col-100 elementor-top-column elementor-element elementor-element-8da428e\" data-id=\"8da428e\" data-element_type=\"column\">\n\t\t\t<div class=\"elementor-widget-wrap elementor-element-populated\">\n\t\t\t\t\t\t<div class=\"elementor-element elementor-element-98c717c elementor-widget elementor-widget-heading\" data-id=\"98c717c\" data-element_type=\"widget\" data-widget_type=\"heading.default\">\n\t\t\t\t<div class=\"elementor-widget-container\">\n\t\t\t\t\t<h2 class=\"elementor-heading-title elementor-size-default\">Career at DECCI<\/h2>\t\t\t\t<\/div>\n\t\t\t\t<\/div>\n\t\t\t\t\t<\/div>\n\t\t<\/div>\n\t\t\t\t\t<\/div>\n\t\t<\/section>\n\t\t\t\t<section class=\"elementor-section elementor-top-section elementor-element elementor-element-cc79ba0 elementor-section-boxed elementor-section-height-default elementor-section-height-default\" data-id=\"cc79ba0\" data-element_type=\"section\">\n\t\t\t\t\t\t<div class=\"elementor-container elementor-column-gap-default\">\n\t\t\t\t\t<div class=\"elementor-column elementor-col-100 elementor-top-column elementor-element elementor-element-5543849\" data-id=\"5543849\" data-element_type=\"column\">\n\t\t\t<div class=\"elementor-widget-wrap elementor-element-populated\">\n\t\t\t\t\t\t<div class=\"elementor-element elementor-element-a5b39c7 elementor-widget elementor-widget-text-editor\" data-id=\"a5b39c7\" data-element_type=\"widget\" data-widget_type=\"text-editor.default\">\n\t\t\t\t<div class=\"elementor-widget-container\">\n\t\t\t\t\t\t\t\t\tWe are Decci a.s., a modern energy company that has been on the market since 2007. Our daughter companies construct, manage and operate a porfolio of renewable energy projects. Our long-term mission is to support energy self-sufficiency and energy consciousness.\n\n\t\t\t\t\t\t\t\t<\/div>\n\t\t\t\t<\/div>\n\t\t\t\t\t<\/div>\n\t\t<\/div>\n\t\t\t\t\t<\/div>\n\t\t<\/section>\n\t\t\t\t<section class=\"elementor-section elementor-top-section elementor-element elementor-element-9357f28 elementor-section-boxed elementor-section-height-default elementor-section-height-default\" data-id=\"9357f28\" data-element_type=\"section\">\n\t\t\t\t\t\t<div class=\"elementor-container elementor-column-gap-default\">\n\t\t\t\t\t<div class=\"elementor-column elementor-col-100 elementor-top-column elementor-element elementor-element-b345384\" data-id=\"b345384\" data-element_type=\"column\">\n\t\t\t<div class=\"elementor-widget-wrap elementor-element-populated\">\n\t\t\t\t\t\t<div class=\"elementor-element elementor-element-772ca2a elementor-widget elementor-widget-text-editor\" data-id=\"772ca2a\" data-element_type=\"widget\" data-widget_type=\"text-editor.default\">\n\t\t\t\t<div class=\"elementor-widget-container\">\n\t\t\t\t\t\t\t\t\tDECCI employs authorized PVPP technicians and technical professionals to construct, maintain, manage and monitor photovoltaic power plants.\n\n\t\t\t\t\t\t\t\t<\/div>\n\t\t\t\t<\/div>\n\t\t\t\t\t<\/div>\n\t\t<\/div>\n\t\t\t\t\t<\/div>\n\t\t<\/section>\n\t\t\t\t<section class=\"elementor-section elementor-top-section elementor-element elementor-element-06fdacb elementor-section-boxed elementor-section-height-default elementor-section-height-default\" data-id=\"06fdacb\" data-element_type=\"section\">\n\t\t\t\t\t\t<div class=\"elementor-container elementor-column-gap-default\">\n\t\t\t\t\t<div class=\"elementor-column elementor-col-100 elementor-top-column elementor-element elementor-element-ae2a2f0\" data-id=\"ae2a2f0\" data-element_type=\"column\" data-settings=\"{&quot;background_background&quot;:&quot;classic&quot;}\">\n\t\t\t<div class=\"elementor-widget-wrap elementor-element-populated\">\n\t\t\t\t\t\t<div class=\"elementor-element elementor-element-8cfe3c5 elementor-widget elementor-widget-text-editor\" data-id=\"8cfe3c5\" data-element_type=\"widget\" data-widget_type=\"text-editor.default\">\n\t\t\t\t<div class=\"elementor-widget-container\">\n\t\t\t\t\t\t\t\t\t<p style=\"text-align: center;\">If you are a professional with expertise in a relevant field and are interested in joining us, we encourage you to send in your CV and cover letter to decci@decci.cz.<\/p>\t\t\t\t\t\t\t\t<\/div>\n\t\t\t\t<\/div>\n\t\t\t\t\t<\/div>\n\t\t<\/div>\n\t\t\t\t\t<\/div>\n\t\t<\/section>\n\t\t\t\t<section class=\"elementor-section elementor-top-section elementor-element elementor-element-45334af elementor-section-boxed elementor-section-height-default elementor-section-height-default\" data-id=\"45334af\" data-element_type=\"section\">\n\t\t\t\t\t\t<div class=\"elementor-container elementor-column-gap-default\">\n\t\t\t\t\t<div class=\"elementor-column elementor-col-100 elementor-top-column elementor-element elementor-element-56b643d\" data-id=\"56b643d\" data-element_type=\"column\" data-settings=\"{&quot;background_background&quot;:&quot;classic&quot;}\">\n\t\t\t<div class=\"elementor-widget-wrap elementor-element-populated\">\n\t\t\t\t\t\t<div class=\"elementor-element elementor-element-8c95433 elementor-align-center elementor-widget elementor-widget-button\" data-id=\"8c95433\" data-element_type=\"widget\" data-widget_type=\"button.default\">\n\t\t\t\t<div class=\"elementor-widget-container\">\n\t\t\t\t\t\t\t\t\t<div class=\"elementor-button-wrapper\">\n\t\t\t\t\t<a class=\"elementor-button elementor-button-link elementor-size-lg\" href=\"https:\/\/www.decci.cz\/kontakt\/\">\n\t\t\t\t\t\t<span class=\"elementor-button-content-wrapper\">\n\t\t\t\t\t\t\t\t\t<span class=\"elementor-button-text\">Contact us<\/span>\n\t\t\t\t\t<\/span>\n\t\t\t\t\t<\/a>\n\t\t\t\t<\/div>\n\t\t\t\t\t\t\t\t<\/div>\n\t\t\t\t<\/div>\n\t\t\t\t\t<\/div>\n\t\t<\/div>\n\t\t\t\t\t<\/div>\n\t\t<\/section>\n\t\t\t\t<\/div>\n\t\t","protected":false},"excerpt":{"rendered":"<p>Career We are on the lookout for talented colleagues to join us. And we have exciting vacancies too. Career at DECCI We are Decci a.s., a modern energy company that has been on the market since 2007. Our daughter companies construct, manage and operate a porfolio of renewable energy projects. Our long-term mission is to [&hellip;]<\/p>\n","protected":false},"author":1,"featured_media":4649,"parent":3595,"menu_order":4,"comment_status":"closed","ping_status":"closed","template":"","meta":{"footnotes":""},"class_list":["post-3627","page","type-page","status-publish","has-post-thumbnail","hentry"],"yoast_head":"<!-- This site is optimized with the Yoast SEO plugin v25.3.1 - https:\/\/yoast.com\/wordpress\/plugins\/seo\/ -->\n<title>Career - DECCI<\/title>\n<meta name=\"robots\" content=\"index, follow, max-snippet:-1, max-image-preview:large, max-video-preview:-1\" \/>\n<link rel=\"canonical\" href=\"https:\/\/www.decci.cz\/o-nas\/kariera\/\" \/>\n<meta property=\"og:locale\" content=\"en_US\" \/>\n<meta property=\"og:type\" content=\"article\" \/>\n<meta property=\"og:title\" content=\"Career - DECCI\" \/>\n<meta property=\"og:description\" content=\"Career We are on the lookout for talented colleagues to join us. And we have exciting vacancies too. Career at DECCI We are Decci a.s., a modern energy company that has been on the market since 2007. Our daughter companies construct, manage and operate a porfolio of renewable energy projects. Our long-term mission is to [&hellip;]\" \/>\n<meta property=\"og:url\" content=\"https:\/\/www.decci.cz\/o-nas\/kariera\/\" \/>\n<meta property=\"og:site_name\" content=\"DECCI\" \/>\n<meta property=\"article:modified_time\" content=\"2022-09-02T07:48:44+00:00\" \/>\n<meta property=\"og:image\" content=\"https:\/\/www.decci.cz\/wp-content\/uploads\/2024\/06\/kariera-v-decci_energetika.png\" \/>\n\t<meta property=\"og:image:width\" content=\"1050\" \/>\n\t<meta property=\"og:image:height\" content=\"600\" \/>\n\t<meta property=\"og:image:type\" content=\"image\/png\" \/>\n<meta name=\"twitter:card\" content=\"summary_large_image\" \/>\n<meta name=\"twitter:label1\" content=\"Est. reading time\" \/>\n\t<meta name=\"twitter:data1\" content=\"1 minute\" \/>\n<script type=\"application\/ld+json\" class=\"yoast-schema-graph\">{\"@context\":\"https:\/\/schema.org\",\"@graph\":[{\"@type\":\"WebPage\",\"@id\":\"https:\/\/www.decci.cz\/o-nas\/kariera\/\",\"url\":\"https:\/\/www.decci.cz\/o-nas\/kariera\/\",\"name\":\"Career - DECCI\",\"isPartOf\":{\"@id\":\"https:\/\/www.decci.cz\/#website\"},\"primaryImageOfPage\":{\"@id\":\"https:\/\/www.decci.cz\/o-nas\/kariera\/#primaryimage\"},\"image\":{\"@id\":\"https:\/\/www.decci.cz\/o-nas\/kariera\/#primaryimage\"},\"thumbnailUrl\":\"https:\/\/www.decci.cz\/wp-content\/uploads\/2024\/06\/kariera-v-decci_energetika.png\",\"datePublished\":\"2022-07-07T07:05:06+00:00\",\"dateModified\":\"2022-09-02T07:48:44+00:00\",\"breadcrumb\":{\"@id\":\"https:\/\/www.decci.cz\/o-nas\/kariera\/#breadcrumb\"},\"inLanguage\":\"en-US\",\"potentialAction\":[{\"@type\":\"ReadAction\",\"target\":[\"https:\/\/www.decci.cz\/o-nas\/kariera\/\"]}]},{\"@type\":\"ImageObject\",\"inLanguage\":\"en-US\",\"@id\":\"https:\/\/www.decci.cz\/o-nas\/kariera\/#primaryimage\",\"url\":\"https:\/\/www.decci.cz\/wp-content\/uploads\/2024\/06\/kariera-v-decci_energetika.png\",\"contentUrl\":\"https:\/\/www.decci.cz\/wp-content\/uploads\/2024\/06\/kariera-v-decci_energetika.png\",\"width\":1050,\"height\":600,\"caption\":\"kariera v decci\"},{\"@type\":\"BreadcrumbList\",\"@id\":\"https:\/\/www.decci.cz\/o-nas\/kariera\/#breadcrumb\",\"itemListElement\":[{\"@type\":\"ListItem\",\"position\":1,\"name\":\"Dom\u016f\",\"item\":\"https:\/\/www.decci.cz\/en\/\"},{\"@type\":\"ListItem\",\"position\":2,\"name\":\"About us\",\"item\":\"https:\/\/www.decci.cz\/en\/about-us\/\"},{\"@type\":\"ListItem\",\"position\":3,\"name\":\"Career\"}]},{\"@type\":\"WebSite\",\"@id\":\"https:\/\/www.decci.cz\/#website\",\"url\":\"https:\/\/www.decci.cz\/\",\"name\":\"DECCI\",\"description\":\"Vytv\u00e1\u0159\u00edme infrastrukturu budoucnosti\",\"potentialAction\":[{\"@type\":\"SearchAction\",\"target\":{\"@type\":\"EntryPoint\",\"urlTemplate\":\"https:\/\/www.decci.cz\/?s={search_term_string}\"},\"query-input\":{\"@type\":\"PropertyValueSpecification\",\"valueRequired\":true,\"valueName\":\"search_term_string\"}}],\"inLanguage\":\"en-US\"}]}<\/script>\n<!-- \/ Yoast SEO plugin. -->","yoast_head_json":{"title":"Career - DECCI","robots":{"index":"index","follow":"follow","max-snippet":"max-snippet:-1","max-image-preview":"max-image-preview:large","max-video-preview":"max-video-preview:-1"},"canonical":"https:\/\/www.decci.cz\/o-nas\/kariera\/","og_locale":"en_US","og_type":"article","og_title":"Career - DECCI","og_description":"Career We are on the lookout for talented colleagues to join us. And we have exciting vacancies too. Career at DECCI We are Decci a.s., a modern energy company that has been on the market since 2007. Our daughter companies construct, manage and operate a porfolio of renewable energy projects. Our long-term mission is to [&hellip;]","og_url":"https:\/\/www.decci.cz\/o-nas\/kariera\/","og_site_name":"DECCI","article_modified_time":"2022-09-02T07:48:44+00:00","og_image":[{"width":1050,"height":600,"url":"https:\/\/www.decci.cz\/wp-content\/uploads\/2024\/06\/kariera-v-decci_energetika.png","type":"image\/png"}],"twitter_card":"summary_large_image","twitter_misc":{"Est. reading time":"1 minute"},"schema":{"@context":"https:\/\/schema.org","@graph":[{"@type":"WebPage","@id":"https:\/\/www.decci.cz\/o-nas\/kariera\/","url":"https:\/\/www.decci.cz\/o-nas\/kariera\/","name":"Career - DECCI","isPartOf":{"@id":"https:\/\/www.decci.cz\/#website"},"primaryImageOfPage":{"@id":"https:\/\/www.decci.cz\/o-nas\/kariera\/#primaryimage"},"image":{"@id":"https:\/\/www.decci.cz\/o-nas\/kariera\/#primaryimage"},"thumbnailUrl":"https:\/\/www.decci.cz\/wp-content\/uploads\/2024\/06\/kariera-v-decci_energetika.png","datePublished":"2022-07-07T07:05:06+00:00","dateModified":"2022-09-02T07:48:44+00:00","breadcrumb":{"@id":"https:\/\/www.decci.cz\/o-nas\/kariera\/#breadcrumb"},"inLanguage":"en-US","potentialAction":[{"@type":"ReadAction","target":["https:\/\/www.decci.cz\/o-nas\/kariera\/"]}]},{"@type":"ImageObject","inLanguage":"en-US","@id":"https:\/\/www.decci.cz\/o-nas\/kariera\/#primaryimage","url":"https:\/\/www.decci.cz\/wp-content\/uploads\/2024\/06\/kariera-v-decci_energetika.png","contentUrl":"https:\/\/www.decci.cz\/wp-content\/uploads\/2024\/06\/kariera-v-decci_energetika.png","width":1050,"height":600,"caption":"kariera v decci"},{"@type":"BreadcrumbList","@id":"https:\/\/www.decci.cz\/o-nas\/kariera\/#breadcrumb","itemListElement":[{"@type":"ListItem","position":1,"name":"Dom\u016f","item":"https:\/\/www.decci.cz\/en\/"},{"@type":"ListItem","position":2,"name":"About us","item":"https:\/\/www.decci.cz\/en\/about-us\/"},{"@type":"ListItem","position":3,"name":"Career"}]},{"@type":"WebSite","@id":"https:\/\/www.decci.cz\/#website","url":"https:\/\/www.decci.cz\/","name":"DECCI","description":"Vytv\u00e1\u0159\u00edme infrastrukturu budoucnosti","potentialAction":[{"@type":"SearchAction","target":{"@type":"EntryPoint","urlTemplate":"https:\/\/www.decci.cz\/?s={search_term_string}"},"query-input":{"@type":"PropertyValueSpecification","valueRequired":true,"valueName":"search_term_string"}}],"inLanguage":"en-US"}]}},"_links":{"self":[{"href":"https:\/\/www.decci.cz\/en\/wp-json\/wp\/v2\/pages\/3627","targetHints":{"allow":["GET"]}}],"collection":[{"href":"https:\/\/www.decci.cz\/en\/wp-json\/wp\/v2\/pages"}],"about":[{"href":"https:\/\/www.decci.cz\/en\/wp-json\/wp\/v2\/types\/page"}],"author":[{"embeddable":true,"href":"https:\/\/www.decci.cz\/en\/wp-json\/wp\/v2\/users\/1"}],"replies":[{"embeddable":true,"href":"https:\/\/www.decci.cz\/en\/wp-json\/wp\/v2\/comments?post=3627"}],"version-history":[{"count":6,"href":"https:\/\/www.decci.cz\/en\/wp-json\/wp\/v2\/pages\/3627\/revisions"}],"predecessor-version":[{"id":3889,"href":"https:\/\/www.decci.cz\/en\/wp-json\/wp\/v2\/pages\/3627\/revisions\/3889"}],"up":[{"embeddable":true,"href":"https:\/\/www.decci.cz\/en\/wp-json\/wp\/v2\/pages\/3595"}],"wp:featuredmedia":[{"embeddable":true,"href":"https:\/\/www.decci.cz\/en\/wp-json\/wp\/v2\/media\/4649"}],"wp:attachment":[{"href":"https:\/\/www.decci.cz\/en\/wp-json\/wp\/v2\/media?parent=3627"}],"curies":[{"name":"wp","href":"https:\/\/api.w.org\/{rel}","templated":true}]}}