{"id":3620,"date":"2022-07-07T12:21:20","date_gmt":"2022-07-07T10:21:20","guid":{"rendered":"https:\/\/www.decci.cz\/about-us\/our-companies\/fve-czech\/"},"modified":"2022-08-31T14:52:55","modified_gmt":"2022-08-31T12:52:55","slug":"fve-czech","status":"publish","type":"page","link":"https:\/\/www.decci.cz\/en\/about-us\/our-companies\/fve-czech\/","title":{"rendered":"FVE CZECH"},"content":{"rendered":"\t\t<div data-elementor-type=\"wp-page\" data-elementor-id=\"3620\" class=\"elementor elementor-3620 elementor-262\" data-elementor-post-type=\"page\">\n\t\t\t\t\t\t<section class=\"elementor-section elementor-top-section elementor-element elementor-element-a9048a6 elementor-section-height-min-height elementor-section-boxed elementor-section-height-default elementor-section-items-middle\" data-id=\"a9048a6\" data-element_type=\"section\">\n\t\t\t\t\t\t<div class=\"elementor-container elementor-column-gap-default\">\n\t\t\t\t\t<div class=\"elementor-column elementor-col-100 elementor-top-column elementor-element elementor-element-1b3a2ff\" data-id=\"1b3a2ff\" data-element_type=\"column\" data-settings=\"{&quot;background_background&quot;:&quot;classic&quot;}\">\n\t\t\t<div class=\"elementor-widget-wrap elementor-element-populated\">\n\t\t\t\t\t<div class=\"elementor-background-overlay\"><\/div>\n\t\t\t\t\t\t<div class=\"elementor-element elementor-element-c57c64e elementor-widget elementor-widget-heading\" data-id=\"c57c64e\" data-element_type=\"widget\" data-widget_type=\"heading.default\">\n\t\t\t\t<div class=\"elementor-widget-container\">\n\t\t\t\t\t<h1 class=\"elementor-heading-title elementor-size-default\">FVE CZECH<\/h1>\t\t\t\t<\/div>\n\t\t\t\t<\/div>\n\t\t\t\t<div class=\"elementor-element elementor-element-8404254 elementor-widget-divider--view-line elementor-widget elementor-widget-divider\" data-id=\"8404254\" data-element_type=\"widget\" data-widget_type=\"divider.default\">\n\t\t\t\t<div class=\"elementor-widget-container\">\n\t\t\t\t\t\t\t<div class=\"elementor-divider\">\n\t\t\t<span class=\"elementor-divider-separator\">\n\t\t\t\t\t\t<\/span>\n\t\t<\/div>\n\t\t\t\t\t\t<\/div>\n\t\t\t\t<\/div>\n\t\t\t\t<div class=\"elementor-element elementor-element-e507625 elementor-widget elementor-widget-text-editor\" data-id=\"e507625\" data-element_type=\"widget\" data-widget_type=\"text-editor.default\">\n\t\t\t\t<div class=\"elementor-widget-container\">\n\t\t\t\t\t\t\t\t\tFVE CZECH a.s. and FVE CZECH NOVUM s.r.o. are companies that own, manage and operate photovoltaic power plants designed and built by DECCI a.s. under the common trademark FVE CZECH.\t\t\t\t\t\t\t\t<\/div>\n\t\t\t\t<\/div>\n\t\t\t\t\t<\/div>\n\t\t<\/div>\n\t\t\t\t\t<\/div>\n\t\t<\/section>\n\t\t\t\t<section class=\"elementor-section elementor-top-section elementor-element elementor-element-80e86b9 elementor-section-boxed elementor-section-height-default elementor-section-height-default\" data-id=\"80e86b9\" data-element_type=\"section\">\n\t\t\t\t\t\t<div class=\"elementor-container elementor-column-gap-default\">\n\t\t\t\t\t<div class=\"elementor-column elementor-col-100 elementor-top-column elementor-element elementor-element-47566fc\" data-id=\"47566fc\" data-element_type=\"column\">\n\t\t\t<div class=\"elementor-widget-wrap elementor-element-populated\">\n\t\t\t\t\t\t<div class=\"elementor-element elementor-element-9acef0b elementor-widget elementor-widget-text-editor\" data-id=\"9acef0b\" data-element_type=\"widget\" data-widget_type=\"text-editor.default\">\n\t\t\t\t<div class=\"elementor-widget-container\">\n\t\t\t\t\t\t\t\t\tDecci a.s. owns the trademark FVE CZECH under which it designs, builds and operates photovoltaic power plants.\n\n\t\t\t\t\t\t\t\t<\/div>\n\t\t\t\t<\/div>\n\t\t\t\t\t<\/div>\n\t\t<\/div>\n\t\t\t\t\t<\/div>\n\t\t<\/section>\n\t\t\t\t<section class=\"elementor-section elementor-top-section elementor-element elementor-element-950fcc2 elementor-section-boxed elementor-section-height-default elementor-section-height-default\" data-id=\"950fcc2\" data-element_type=\"section\">\n\t\t\t\t\t\t<div class=\"elementor-container elementor-column-gap-default\">\n\t\t\t\t\t<div class=\"elementor-column elementor-col-100 elementor-top-column elementor-element elementor-element-ee8632c\" data-id=\"ee8632c\" data-element_type=\"column\">\n\t\t\t<div class=\"elementor-widget-wrap elementor-element-populated\">\n\t\t\t\t\t\t<div class=\"elementor-element elementor-element-fa6a850 elementor-widget elementor-widget-text-editor\" data-id=\"fa6a850\" data-element_type=\"widget\" data-widget_type=\"text-editor.default\">\n\t\t\t\t<div class=\"elementor-widget-container\">\n\t\t\t\t\t\t\t\t\tThe registered trademark FVE CZECH guarantees a high quality of components and services. It ensures first-rate protocols are observed as a result of which exceptional efficiency and economic results of photovoltaic power plants operation can be achieved.\n\n\t\t\t\t\t\t\t\t<\/div>\n\t\t\t\t<\/div>\n\t\t\t\t\t<\/div>\n\t\t<\/div>\n\t\t\t\t\t<\/div>\n\t\t<\/section>\n\t\t\t\t<section class=\"elementor-section elementor-top-section elementor-element elementor-element-c1378fc elementor-section-boxed elementor-section-height-default elementor-section-height-default\" data-id=\"c1378fc\" data-element_type=\"section\">\n\t\t\t\t\t\t<div class=\"elementor-container elementor-column-gap-default\">\n\t\t\t\t\t<div class=\"elementor-column elementor-col-100 elementor-top-column elementor-element elementor-element-3402515\" data-id=\"3402515\" data-element_type=\"column\">\n\t\t\t<div class=\"elementor-widget-wrap elementor-element-populated\">\n\t\t\t\t\t\t<div class=\"elementor-element elementor-element-05e225a elementor-widget elementor-widget-heading\" data-id=\"05e225a\" data-element_type=\"widget\" data-widget_type=\"heading.default\">\n\t\t\t\t<div class=\"elementor-widget-container\">\n\t\t\t\t\t<h3 class=\"elementor-heading-title elementor-size-default\">FVE CZECH: A guarantee of trouble-free PVPP operation\n<\/h3>\t\t\t\t<\/div>\n\t\t\t\t<\/div>\n\t\t\t\t<div class=\"elementor-element elementor-element-7530d90 elementor-widget elementor-widget-text-editor\" data-id=\"7530d90\" data-element_type=\"widget\" data-widget_type=\"text-editor.default\">\n\t\t\t\t<div class=\"elementor-widget-container\">\n\t\t\t\t\t\t\t\t\tFVE CZECH is a registered trademark representing a sophisticated system of photovoltaic power plant operational diagnostics. This system makes it possible for Decci servis s.r.o. (an affiliate company of Decci a.s.) to promptly identify and repair, on behalf of Decci a.s., operational defects as well as ensure smooth photovoltaic power plant operation from a technical and administrative point of view.\n\n\t\t\t\t\t\t\t\t<\/div>\n\t\t\t\t<\/div>\n\t\t\t\t\t<\/div>\n\t\t<\/div>\n\t\t\t\t\t<\/div>\n\t\t<\/section>\n\t\t\t\t<section class=\"elementor-section elementor-top-section elementor-element elementor-element-23567e6 elementor-section-boxed elementor-section-height-default elementor-section-height-default\" data-id=\"23567e6\" data-element_type=\"section\">\n\t\t\t\t\t\t<div class=\"elementor-container elementor-column-gap-default\">\n\t\t\t\t\t<div class=\"elementor-column elementor-col-50 elementor-top-column elementor-element elementor-element-f114cc7\" data-id=\"f114cc7\" data-element_type=\"column\" data-settings=\"{&quot;background_background&quot;:&quot;classic&quot;}\">\n\t\t\t<div class=\"elementor-widget-wrap elementor-element-populated\">\n\t\t\t\t\t\t<div class=\"elementor-element elementor-element-f18ff23 elementor-widget elementor-widget-heading\" data-id=\"f18ff23\" data-element_type=\"widget\" data-widget_type=\"heading.default\">\n\t\t\t\t<div class=\"elementor-widget-container\">\n\t\t\t\t\t<h3 class=\"elementor-heading-title elementor-size-default\">FVE CZECH: Loss minimization and defect prevention\n<\/h3>\t\t\t\t<\/div>\n\t\t\t\t<\/div>\n\t\t\t\t<div class=\"elementor-element elementor-element-85c0896 elementor-widget elementor-widget-text-editor\" data-id=\"85c0896\" data-element_type=\"widget\" data-widget_type=\"text-editor.default\">\n\t\t\t\t<div class=\"elementor-widget-container\">\n\t\t\t\t\t\t\t\t\tPhotovoltaic power plant operation-related know-how, PVPP monitoring and management to the FVE CZECH standards make it possible for owners of photovoltaic power plants to minimize losses caused by a power plant not operating as well as trace the quality of components, particularly photovoltaic array degradation. We cooperate with reputable institutions and respected professionals in the field of photovoltaics with an objective to constantly improve our systems and to incorporate these improvements into the operating systems of the power plants we manage.\n\n\t\t\t\t\t\t\t\t<\/div>\n\t\t\t\t<\/div>\n\t\t\t\t\t<\/div>\n\t\t<\/div>\n\t\t\t\t<div class=\"elementor-column elementor-col-50 elementor-top-column elementor-element elementor-element-3a14e11\" data-id=\"3a14e11\" data-element_type=\"column\" data-settings=\"{&quot;background_background&quot;:&quot;classic&quot;}\">\n\t\t\t<div class=\"elementor-widget-wrap elementor-element-populated\">\n\t\t\t\t\t\t<div class=\"elementor-element elementor-element-4ff209e elementor-widget elementor-widget-heading\" data-id=\"4ff209e\" data-element_type=\"widget\" data-widget_type=\"heading.default\">\n\t\t\t\t<div class=\"elementor-widget-container\">\n\t\t\t\t\t<h3 class=\"elementor-heading-title elementor-size-default\">FVE CZECH: A complex brand for PVPP construction and management\n<\/h3>\t\t\t\t<\/div>\n\t\t\t\t<\/div>\n\t\t\t\t<div class=\"elementor-element elementor-element-ac7bd9b elementor-widget elementor-widget-text-editor\" data-id=\"ac7bd9b\" data-element_type=\"widget\" data-widget_type=\"text-editor.default\">\n\t\t\t\t<div class=\"elementor-widget-container\">\n\t\t\t\t\t\t\t\t\t<ul>\n<li>As much as 45 MWp installed under the trademark FVE CZECH in the Czech Republic.<\/li>\n<li>FVE CZECH represents a complex technological solution for photovoltaic power plants, sophisticated regulations and protocols related to operation, and efficient power plant control systems.<\/li>\n<li>Our own maintenance unit guarantees prompt provision of maintenance services.<\/li>\n<\/ul>\t\t\t\t\t\t\t\t<\/div>\n\t\t\t\t<\/div>\n\t\t\t\t\t<\/div>\n\t\t<\/div>\n\t\t\t\t\t<\/div>\n\t\t<\/section>\n\t\t\t\t<\/div>\n\t\t","protected":false},"excerpt":{"rendered":"<p>FVE CZECH FVE CZECH a.s. and FVE CZECH NOVUM s.r.o. are companies that own, manage and operate photovoltaic power plants designed and built by DECCI a.s. under the common trademark FVE CZECH.Decci a.s. owns the trademark FVE CZECH under which it designs, builds and operates photovoltaic power plants. The registered trademark FVE CZECH guarantees a [&hellip;]<\/p>\n","protected":false},"author":1,"featured_media":0,"parent":3607,"menu_order":3,"comment_status":"closed","ping_status":"closed","template":"","meta":{"footnotes":""},"class_list":["post-3620","page","type-page","status-publish","hentry"],"yoast_head":"<!-- This site is optimized with the Yoast SEO plugin v25.3.1 - https:\/\/yoast.com\/wordpress\/plugins\/seo\/ -->\n<title>FVE CZECH - DECCI<\/title>\n<meta name=\"robots\" content=\"index, follow, max-snippet:-1, max-image-preview:large, max-video-preview:-1\" \/>\n<link rel=\"canonical\" href=\"https:\/\/www.decci.cz\/o-nas\/nase-spolecnosti\/fve-czech\/\" \/>\n<meta property=\"og:locale\" content=\"en_US\" \/>\n<meta property=\"og:type\" content=\"article\" \/>\n<meta property=\"og:title\" content=\"FVE CZECH - DECCI\" \/>\n<meta property=\"og:description\" content=\"FVE CZECH FVE CZECH a.s. and FVE CZECH NOVUM s.r.o. are companies that own, manage and operate photovoltaic power plants designed and built by DECCI a.s. under the common trademark FVE CZECH.Decci a.s. owns the trademark FVE CZECH under which it designs, builds and operates photovoltaic power plants. The registered trademark FVE CZECH guarantees a [&hellip;]\" \/>\n<meta property=\"og:url\" content=\"https:\/\/www.decci.cz\/o-nas\/nase-spolecnosti\/fve-czech\/\" \/>\n<meta property=\"og:site_name\" content=\"DECCI\" \/>\n<meta property=\"article:modified_time\" content=\"2022-08-31T12:52:55+00:00\" \/>\n<meta name=\"twitter:card\" content=\"summary_large_image\" \/>\n<meta name=\"twitter:label1\" content=\"Est. reading time\" \/>\n\t<meta name=\"twitter:data1\" content=\"2 minutes\" \/>\n<script type=\"application\/ld+json\" class=\"yoast-schema-graph\">{\"@context\":\"https:\/\/schema.org\",\"@graph\":[{\"@type\":\"WebPage\",\"@id\":\"https:\/\/www.decci.cz\/o-nas\/nase-spolecnosti\/fve-czech\/\",\"url\":\"https:\/\/www.decci.cz\/o-nas\/nase-spolecnosti\/fve-czech\/\",\"name\":\"FVE CZECH - DECCI\",\"isPartOf\":{\"@id\":\"https:\/\/www.decci.cz\/#website\"},\"datePublished\":\"2022-07-07T10:21:20+00:00\",\"dateModified\":\"2022-08-31T12:52:55+00:00\",\"breadcrumb\":{\"@id\":\"https:\/\/www.decci.cz\/o-nas\/nase-spolecnosti\/fve-czech\/#breadcrumb\"},\"inLanguage\":\"en-US\",\"potentialAction\":[{\"@type\":\"ReadAction\",\"target\":[\"https:\/\/www.decci.cz\/o-nas\/nase-spolecnosti\/fve-czech\/\"]}]},{\"@type\":\"BreadcrumbList\",\"@id\":\"https:\/\/www.decci.cz\/o-nas\/nase-spolecnosti\/fve-czech\/#breadcrumb\",\"itemListElement\":[{\"@type\":\"ListItem\",\"position\":1,\"name\":\"Dom\u016f\",\"item\":\"https:\/\/www.decci.cz\/en\/\"},{\"@type\":\"ListItem\",\"position\":2,\"name\":\"About us\",\"item\":\"https:\/\/www.decci.cz\/en\/about-us\/\"},{\"@type\":\"ListItem\",\"position\":3,\"name\":\"Our companies\",\"item\":\"https:\/\/www.decci.cz\/en\/about-us\/our-companies\/\"},{\"@type\":\"ListItem\",\"position\":4,\"name\":\"FVE CZECH\"}]},{\"@type\":\"WebSite\",\"@id\":\"https:\/\/www.decci.cz\/#website\",\"url\":\"https:\/\/www.decci.cz\/\",\"name\":\"DECCI\",\"description\":\"Vytv\u00e1\u0159\u00edme infrastrukturu budoucnosti\",\"potentialAction\":[{\"@type\":\"SearchAction\",\"target\":{\"@type\":\"EntryPoint\",\"urlTemplate\":\"https:\/\/www.decci.cz\/?s={search_term_string}\"},\"query-input\":{\"@type\":\"PropertyValueSpecification\",\"valueRequired\":true,\"valueName\":\"search_term_string\"}}],\"inLanguage\":\"en-US\"}]}<\/script>\n<!-- \/ Yoast SEO plugin. -->","yoast_head_json":{"title":"FVE CZECH - DECCI","robots":{"index":"index","follow":"follow","max-snippet":"max-snippet:-1","max-image-preview":"max-image-preview:large","max-video-preview":"max-video-preview:-1"},"canonical":"https:\/\/www.decci.cz\/o-nas\/nase-spolecnosti\/fve-czech\/","og_locale":"en_US","og_type":"article","og_title":"FVE CZECH - DECCI","og_description":"FVE CZECH FVE CZECH a.s. and FVE CZECH NOVUM s.r.o. are companies that own, manage and operate photovoltaic power plants designed and built by DECCI a.s. under the common trademark FVE CZECH.Decci a.s. owns the trademark FVE CZECH under which it designs, builds and operates photovoltaic power plants. The registered trademark FVE CZECH guarantees a [&hellip;]","og_url":"https:\/\/www.decci.cz\/o-nas\/nase-spolecnosti\/fve-czech\/","og_site_name":"DECCI","article_modified_time":"2022-08-31T12:52:55+00:00","twitter_card":"summary_large_image","twitter_misc":{"Est. reading time":"2 minutes"},"schema":{"@context":"https:\/\/schema.org","@graph":[{"@type":"WebPage","@id":"https:\/\/www.decci.cz\/o-nas\/nase-spolecnosti\/fve-czech\/","url":"https:\/\/www.decci.cz\/o-nas\/nase-spolecnosti\/fve-czech\/","name":"FVE CZECH - DECCI","isPartOf":{"@id":"https:\/\/www.decci.cz\/#website"},"datePublished":"2022-07-07T10:21:20+00:00","dateModified":"2022-08-31T12:52:55+00:00","breadcrumb":{"@id":"https:\/\/www.decci.cz\/o-nas\/nase-spolecnosti\/fve-czech\/#breadcrumb"},"inLanguage":"en-US","potentialAction":[{"@type":"ReadAction","target":["https:\/\/www.decci.cz\/o-nas\/nase-spolecnosti\/fve-czech\/"]}]},{"@type":"BreadcrumbList","@id":"https:\/\/www.decci.cz\/o-nas\/nase-spolecnosti\/fve-czech\/#breadcrumb","itemListElement":[{"@type":"ListItem","position":1,"name":"Dom\u016f","item":"https:\/\/www.decci.cz\/en\/"},{"@type":"ListItem","position":2,"name":"About us","item":"https:\/\/www.decci.cz\/en\/about-us\/"},{"@type":"ListItem","position":3,"name":"Our companies","item":"https:\/\/www.decci.cz\/en\/about-us\/our-companies\/"},{"@type":"ListItem","position":4,"name":"FVE CZECH"}]},{"@type":"WebSite","@id":"https:\/\/www.decci.cz\/#website","url":"https:\/\/www.decci.cz\/","name":"DECCI","description":"Vytv\u00e1\u0159\u00edme infrastrukturu budoucnosti","potentialAction":[{"@type":"SearchAction","target":{"@type":"EntryPoint","urlTemplate":"https:\/\/www.decci.cz\/?s={search_term_string}"},"query-input":{"@type":"PropertyValueSpecification","valueRequired":true,"valueName":"search_term_string"}}],"inLanguage":"en-US"}]}},"_links":{"self":[{"href":"https:\/\/www.decci.cz\/en\/wp-json\/wp\/v2\/pages\/3620","targetHints":{"allow":["GET"]}}],"collection":[{"href":"https:\/\/www.decci.cz\/en\/wp-json\/wp\/v2\/pages"}],"about":[{"href":"https:\/\/www.decci.cz\/en\/wp-json\/wp\/v2\/types\/page"}],"author":[{"embeddable":true,"href":"https:\/\/www.decci.cz\/en\/wp-json\/wp\/v2\/users\/1"}],"replies":[{"embeddable":true,"href":"https:\/\/www.decci.cz\/en\/wp-json\/wp\/v2\/comments?post=3620"}],"version-history":[{"count":4,"href":"https:\/\/www.decci.cz\/en\/wp-json\/wp\/v2\/pages\/3620\/revisions"}],"predecessor-version":[{"id":3626,"href":"https:\/\/www.decci.cz\/en\/wp-json\/wp\/v2\/pages\/3620\/revisions\/3626"}],"up":[{"embeddable":true,"href":"https:\/\/www.decci.cz\/en\/wp-json\/wp\/v2\/pages\/3607"}],"wp:attachment":[{"href":"https:\/\/www.decci.cz\/en\/wp-json\/wp\/v2\/media?parent=3620"}],"curies":[{"name":"wp","href":"https:\/\/api.w.org\/{rel}","templated":true}]}}