{"id":3616,"date":"2022-07-07T12:18:51","date_gmt":"2022-07-07T10:18:51","guid":{"rendered":"https:\/\/www.decci.cz\/about-us\/our-companies\/decci-servis-s-r-o-%ef%bf%bc\/"},"modified":"2022-09-02T09:38:34","modified_gmt":"2022-09-02T07:38:34","slug":"decci-servis-s-r-o","status":"publish","type":"page","link":"https:\/\/www.decci.cz\/en\/about-us\/our-companies\/decci-servis-s-r-o\/","title":{"rendered":"DECCI SERVIS s.r.o.\ufffc"},"content":{"rendered":"\t\t<div data-elementor-type=\"wp-page\" data-elementor-id=\"3616\" class=\"elementor elementor-3616 elementor-255\" data-elementor-post-type=\"page\">\n\t\t\t\t\t\t<section class=\"elementor-section elementor-top-section elementor-element elementor-element-d141048 elementor-section-height-min-height elementor-section-boxed elementor-section-height-default elementor-section-items-middle\" data-id=\"d141048\" data-element_type=\"section\">\n\t\t\t\t\t\t<div class=\"elementor-container elementor-column-gap-default\">\n\t\t\t\t\t<div class=\"elementor-column elementor-col-100 elementor-top-column elementor-element elementor-element-684b0d6\" data-id=\"684b0d6\" data-element_type=\"column\" data-settings=\"{&quot;background_background&quot;:&quot;classic&quot;}\">\n\t\t\t<div class=\"elementor-widget-wrap elementor-element-populated\">\n\t\t\t\t\t<div class=\"elementor-background-overlay\"><\/div>\n\t\t\t\t\t\t<div class=\"elementor-element elementor-element-84a1567 elementor-widget elementor-widget-heading\" data-id=\"84a1567\" data-element_type=\"widget\" data-widget_type=\"heading.default\">\n\t\t\t\t<div class=\"elementor-widget-container\">\n\t\t\t\t\t<h1 class=\"elementor-heading-title elementor-size-default\">DECCI SERVIS s.r.o.<\/h1>\t\t\t\t<\/div>\n\t\t\t\t<\/div>\n\t\t\t\t<div class=\"elementor-element elementor-element-11084d6 elementor-widget-divider--view-line elementor-widget elementor-widget-divider\" data-id=\"11084d6\" data-element_type=\"widget\" data-widget_type=\"divider.default\">\n\t\t\t\t<div class=\"elementor-widget-container\">\n\t\t\t\t\t\t\t<div class=\"elementor-divider\">\n\t\t\t<span class=\"elementor-divider-separator\">\n\t\t\t\t\t\t<\/span>\n\t\t<\/div>\n\t\t\t\t\t\t<\/div>\n\t\t\t\t<\/div>\n\t\t\t\t<div class=\"elementor-element elementor-element-ff4b294 elementor-widget elementor-widget-text-editor\" data-id=\"ff4b294\" data-element_type=\"widget\" data-widget_type=\"text-editor.default\">\n\t\t\t\t<div class=\"elementor-widget-container\">\n\t\t\t\t\t\t\t\t\tDecci servis s.r.o. is a company that manages, maintains and monitors photovoltaic power plants.\t\t\t\t\t\t\t\t<\/div>\n\t\t\t\t<\/div>\n\t\t\t\t\t<\/div>\n\t\t<\/div>\n\t\t\t\t\t<\/div>\n\t\t<\/section>\n\t\t\t\t<section class=\"elementor-section elementor-top-section elementor-element elementor-element-2e0a2d1 elementor-section-boxed elementor-section-height-default elementor-section-height-default\" data-id=\"2e0a2d1\" data-element_type=\"section\">\n\t\t\t\t\t\t<div class=\"elementor-container elementor-column-gap-default\">\n\t\t\t\t\t<div class=\"elementor-column elementor-col-100 elementor-top-column elementor-element elementor-element-defed6a\" data-id=\"defed6a\" data-element_type=\"column\">\n\t\t\t<div class=\"elementor-widget-wrap elementor-element-populated\">\n\t\t\t\t\t\t<div class=\"elementor-element elementor-element-17111fc elementor-widget elementor-widget-text-editor\" data-id=\"17111fc\" data-element_type=\"widget\" data-widget_type=\"text-editor.default\">\n\t\t\t\t<div class=\"elementor-widget-container\">\n\t\t\t\t\t\t\t\t\tDecci servis s.r.o. is an affiliate company of Decci a.s. Decci servis s.r.o. is based on the premises of the Vep\u0159ek photovoltaic power plant.\t\t\t\t\t\t\t\t<\/div>\n\t\t\t\t<\/div>\n\t\t\t\t\t<\/div>\n\t\t<\/div>\n\t\t\t\t\t<\/div>\n\t\t<\/section>\n\t\t\t\t<section class=\"elementor-section elementor-top-section elementor-element elementor-element-5d978a1 elementor-section-boxed elementor-section-height-default elementor-section-height-default\" data-id=\"5d978a1\" data-element_type=\"section\">\n\t\t\t\t\t\t<div class=\"elementor-container elementor-column-gap-default\">\n\t\t\t\t\t<div class=\"elementor-column elementor-col-100 elementor-top-column elementor-element elementor-element-49f6252\" data-id=\"49f6252\" data-element_type=\"column\">\n\t\t\t<div class=\"elementor-widget-wrap elementor-element-populated\">\n\t\t\t\t\t\t\t<\/div>\n\t\t<\/div>\n\t\t\t\t\t<\/div>\n\t\t<\/section>\n\t\t\t\t<section class=\"elementor-section elementor-top-section elementor-element elementor-element-f20a285 elementor-section-boxed elementor-section-height-default elementor-section-height-default\" data-id=\"f20a285\" data-element_type=\"section\">\n\t\t\t\t\t\t<div class=\"elementor-container elementor-column-gap-default\">\n\t\t\t\t\t<div class=\"elementor-column elementor-col-50 elementor-top-column elementor-element elementor-element-68f5141\" data-id=\"68f5141\" data-element_type=\"column\" data-settings=\"{&quot;background_background&quot;:&quot;classic&quot;}\">\n\t\t\t<div class=\"elementor-widget-wrap elementor-element-populated\">\n\t\t\t\t\t\t<div class=\"elementor-element elementor-element-68fb97e elementor-widget elementor-widget-heading\" data-id=\"68fb97e\" data-element_type=\"widget\" data-widget_type=\"heading.default\">\n\t\t\t\t<div class=\"elementor-widget-container\">\n\t\t\t\t\t<h3 class=\"elementor-heading-title elementor-size-default\">Services offered by Decci servis s.r.o.<\/h3>\t\t\t\t<\/div>\n\t\t\t\t<\/div>\n\t\t\t\t<div class=\"elementor-element elementor-element-b60fcf6 elementor-widget elementor-widget-text-editor\" data-id=\"b60fcf6\" data-element_type=\"widget\" data-widget_type=\"text-editor.default\">\n\t\t\t\t<div class=\"elementor-widget-container\">\n\t\t\t\t\t\t\t\t\tDecci servis s.r.o. maintains and monitors photovoltaic power plants. The company is equipped with modern technology and measuring instruments in order to efficiently manage PVPPs. We take accurate measurements and offer instant maintenance services. Our maintenance team have adequate equipment to work with as well as their own spare parts storehouse. Decci servis s.r.o. monitors PVPP grounds to ensure security, carries out maintainance and manages photovoltaic power plants.\t\t\t\t\t\t\t\t<\/div>\n\t\t\t\t<\/div>\n\t\t\t\t\t<\/div>\n\t\t<\/div>\n\t\t\t\t<div class=\"elementor-column elementor-col-50 elementor-top-column elementor-element elementor-element-ee6e8e9\" data-id=\"ee6e8e9\" data-element_type=\"column\" data-settings=\"{&quot;background_background&quot;:&quot;classic&quot;}\">\n\t\t\t<div class=\"elementor-widget-wrap elementor-element-populated\">\n\t\t\t\t\t\t<div class=\"elementor-element elementor-element-0bca29e elementor-widget elementor-widget-heading\" data-id=\"0bca29e\" data-element_type=\"widget\" data-widget_type=\"heading.default\">\n\t\t\t\t<div class=\"elementor-widget-container\">\n\t\t\t\t\t<h3 class=\"elementor-heading-title elementor-size-default\">What makes the services of Decci servis s.r.o. unique<\/h3>\t\t\t\t<\/div>\n\t\t\t\t<\/div>\n\t\t\t\t<div class=\"elementor-element elementor-element-8b28b0d elementor-widget elementor-widget-text-editor\" data-id=\"8b28b0d\" data-element_type=\"widget\" data-widget_type=\"text-editor.default\">\n\t\t\t\t<div class=\"elementor-widget-container\">\n\t\t\t\t\t\t\t\t\t<ul>\n \t<li>Decci servis s.r.o. offers complex PVPP operation management services.\n<\/li>\n \t<li>Modern technologies and quality dispatching eliminate losses caused by the power plant not operating (or not operating properly).<\/li>\n \t<li>We use our own monitoring system as well as operating manuals. We monitor PVPPs\u2019 power output in our own monitoring centre and, if necessary, immediately respond to defects and production deviations.<\/li>\n<\/ul>\t\t\t\t\t\t\t\t<\/div>\n\t\t\t\t<\/div>\n\t\t\t\t\t<\/div>\n\t\t<\/div>\n\t\t\t\t\t<\/div>\n\t\t<\/section>\n\t\t\t\t<\/div>\n\t\t","protected":false},"excerpt":{"rendered":"<p>DECCI SERVIS s.r.o. Decci servis s.r.o. is a company that manages, maintains and monitors photovoltaic power plants.Decci servis s.r.o. is an affiliate company of Decci a.s. Decci servis s.r.o. is based on the premises of the Vep\u0159ek photovoltaic power plant. Services offered by Decci servis s.r.o. Decci servis s.r.o. maintains and monitors photovoltaic power plants. [&hellip;]<\/p>\n","protected":false},"author":1,"featured_media":0,"parent":3607,"menu_order":2,"comment_status":"closed","ping_status":"closed","template":"","meta":{"footnotes":""},"class_list":["post-3616","page","type-page","status-publish","hentry"],"yoast_head":"<!-- This site is optimized with the Yoast SEO plugin v25.3.1 - https:\/\/yoast.com\/wordpress\/plugins\/seo\/ -->\n<title>DECCI SERVIS s.r.o.\ufffc - DECCI<\/title>\n<meta name=\"robots\" content=\"index, follow, max-snippet:-1, max-image-preview:large, max-video-preview:-1\" \/>\n<link rel=\"canonical\" href=\"https:\/\/www.decci.cz\/en\/about-us\/our-companies\/decci-servis-s-r-o\/\" \/>\n<meta property=\"og:locale\" content=\"en_US\" \/>\n<meta property=\"og:type\" content=\"article\" \/>\n<meta property=\"og:title\" content=\"DECCI SERVIS s.r.o.\ufffc - DECCI\" \/>\n<meta property=\"og:description\" content=\"DECCI SERVIS s.r.o. Decci servis s.r.o. is a company that manages, maintains and monitors photovoltaic power plants.Decci servis s.r.o. is an affiliate company of Decci a.s. Decci servis s.r.o. is based on the premises of the Vep\u0159ek photovoltaic power plant. Services offered by Decci servis s.r.o. Decci servis s.r.o. maintains and monitors photovoltaic power plants. [&hellip;]\" \/>\n<meta property=\"og:url\" content=\"https:\/\/www.decci.cz\/en\/about-us\/our-companies\/decci-servis-s-r-o\/\" \/>\n<meta property=\"og:site_name\" content=\"DECCI\" \/>\n<meta property=\"article:modified_time\" content=\"2022-09-02T07:38:34+00:00\" \/>\n<meta name=\"twitter:card\" content=\"summary_large_image\" \/>\n<meta name=\"twitter:label1\" content=\"Est. reading time\" \/>\n\t<meta name=\"twitter:data1\" content=\"1 minute\" \/>\n<script type=\"application\/ld+json\" class=\"yoast-schema-graph\">{\"@context\":\"https:\/\/schema.org\",\"@graph\":[{\"@type\":\"WebPage\",\"@id\":\"https:\/\/www.decci.cz\/en\/about-us\/our-companies\/decci-servis-s-r-o\/\",\"url\":\"https:\/\/www.decci.cz\/en\/about-us\/our-companies\/decci-servis-s-r-o\/\",\"name\":\"DECCI SERVIS s.r.o.\ufffc - DECCI\",\"isPartOf\":{\"@id\":\"https:\/\/www.decci.cz\/#website\"},\"datePublished\":\"2022-07-07T10:18:51+00:00\",\"dateModified\":\"2022-09-02T07:38:34+00:00\",\"breadcrumb\":{\"@id\":\"https:\/\/www.decci.cz\/en\/about-us\/our-companies\/decci-servis-s-r-o\/#breadcrumb\"},\"inLanguage\":\"en-US\",\"potentialAction\":[{\"@type\":\"ReadAction\",\"target\":[\"https:\/\/www.decci.cz\/en\/about-us\/our-companies\/decci-servis-s-r-o\/\"]}]},{\"@type\":\"BreadcrumbList\",\"@id\":\"https:\/\/www.decci.cz\/en\/about-us\/our-companies\/decci-servis-s-r-o\/#breadcrumb\",\"itemListElement\":[{\"@type\":\"ListItem\",\"position\":1,\"name\":\"Dom\u016f\",\"item\":\"https:\/\/www.decci.cz\/en\/\"},{\"@type\":\"ListItem\",\"position\":2,\"name\":\"About us\",\"item\":\"https:\/\/www.decci.cz\/en\/about-us\/\"},{\"@type\":\"ListItem\",\"position\":3,\"name\":\"Our companies\",\"item\":\"https:\/\/www.decci.cz\/en\/about-us\/our-companies\/\"},{\"@type\":\"ListItem\",\"position\":4,\"name\":\"DECCI SERVIS s.r.o.\ufffc\"}]},{\"@type\":\"WebSite\",\"@id\":\"https:\/\/www.decci.cz\/#website\",\"url\":\"https:\/\/www.decci.cz\/\",\"name\":\"DECCI\",\"description\":\"Vytv\u00e1\u0159\u00edme infrastrukturu budoucnosti\",\"potentialAction\":[{\"@type\":\"SearchAction\",\"target\":{\"@type\":\"EntryPoint\",\"urlTemplate\":\"https:\/\/www.decci.cz\/?s={search_term_string}\"},\"query-input\":{\"@type\":\"PropertyValueSpecification\",\"valueRequired\":true,\"valueName\":\"search_term_string\"}}],\"inLanguage\":\"en-US\"}]}<\/script>\n<!-- \/ Yoast SEO plugin. -->","yoast_head_json":{"title":"DECCI SERVIS s.r.o.\ufffc - DECCI","robots":{"index":"index","follow":"follow","max-snippet":"max-snippet:-1","max-image-preview":"max-image-preview:large","max-video-preview":"max-video-preview:-1"},"canonical":"https:\/\/www.decci.cz\/en\/about-us\/our-companies\/decci-servis-s-r-o\/","og_locale":"en_US","og_type":"article","og_title":"DECCI SERVIS s.r.o.\ufffc - DECCI","og_description":"DECCI SERVIS s.r.o. Decci servis s.r.o. is a company that manages, maintains and monitors photovoltaic power plants.Decci servis s.r.o. is an affiliate company of Decci a.s. Decci servis s.r.o. is based on the premises of the Vep\u0159ek photovoltaic power plant. Services offered by Decci servis s.r.o. Decci servis s.r.o. maintains and monitors photovoltaic power plants. [&hellip;]","og_url":"https:\/\/www.decci.cz\/en\/about-us\/our-companies\/decci-servis-s-r-o\/","og_site_name":"DECCI","article_modified_time":"2022-09-02T07:38:34+00:00","twitter_card":"summary_large_image","twitter_misc":{"Est. reading time":"1 minute"},"schema":{"@context":"https:\/\/schema.org","@graph":[{"@type":"WebPage","@id":"https:\/\/www.decci.cz\/en\/about-us\/our-companies\/decci-servis-s-r-o\/","url":"https:\/\/www.decci.cz\/en\/about-us\/our-companies\/decci-servis-s-r-o\/","name":"DECCI SERVIS s.r.o.\ufffc - DECCI","isPartOf":{"@id":"https:\/\/www.decci.cz\/#website"},"datePublished":"2022-07-07T10:18:51+00:00","dateModified":"2022-09-02T07:38:34+00:00","breadcrumb":{"@id":"https:\/\/www.decci.cz\/en\/about-us\/our-companies\/decci-servis-s-r-o\/#breadcrumb"},"inLanguage":"en-US","potentialAction":[{"@type":"ReadAction","target":["https:\/\/www.decci.cz\/en\/about-us\/our-companies\/decci-servis-s-r-o\/"]}]},{"@type":"BreadcrumbList","@id":"https:\/\/www.decci.cz\/en\/about-us\/our-companies\/decci-servis-s-r-o\/#breadcrumb","itemListElement":[{"@type":"ListItem","position":1,"name":"Dom\u016f","item":"https:\/\/www.decci.cz\/en\/"},{"@type":"ListItem","position":2,"name":"About us","item":"https:\/\/www.decci.cz\/en\/about-us\/"},{"@type":"ListItem","position":3,"name":"Our companies","item":"https:\/\/www.decci.cz\/en\/about-us\/our-companies\/"},{"@type":"ListItem","position":4,"name":"DECCI SERVIS s.r.o.\ufffc"}]},{"@type":"WebSite","@id":"https:\/\/www.decci.cz\/#website","url":"https:\/\/www.decci.cz\/","name":"DECCI","description":"Vytv\u00e1\u0159\u00edme infrastrukturu budoucnosti","potentialAction":[{"@type":"SearchAction","target":{"@type":"EntryPoint","urlTemplate":"https:\/\/www.decci.cz\/?s={search_term_string}"},"query-input":{"@type":"PropertyValueSpecification","valueRequired":true,"valueName":"search_term_string"}}],"inLanguage":"en-US"}]}},"_links":{"self":[{"href":"https:\/\/www.decci.cz\/en\/wp-json\/wp\/v2\/pages\/3616","targetHints":{"allow":["GET"]}}],"collection":[{"href":"https:\/\/www.decci.cz\/en\/wp-json\/wp\/v2\/pages"}],"about":[{"href":"https:\/\/www.decci.cz\/en\/wp-json\/wp\/v2\/types\/page"}],"author":[{"embeddable":true,"href":"https:\/\/www.decci.cz\/en\/wp-json\/wp\/v2\/users\/1"}],"replies":[{"embeddable":true,"href":"https:\/\/www.decci.cz\/en\/wp-json\/wp\/v2\/comments?post=3616"}],"version-history":[{"count":5,"href":"https:\/\/www.decci.cz\/en\/wp-json\/wp\/v2\/pages\/3616\/revisions"}],"predecessor-version":[{"id":3880,"href":"https:\/\/www.decci.cz\/en\/wp-json\/wp\/v2\/pages\/3616\/revisions\/3880"}],"up":[{"embeddable":true,"href":"https:\/\/www.decci.cz\/en\/wp-json\/wp\/v2\/pages\/3607"}],"wp:attachment":[{"href":"https:\/\/www.decci.cz\/en\/wp-json\/wp\/v2\/media?parent=3616"}],"curies":[{"name":"wp","href":"https:\/\/api.w.org\/{rel}","templated":true}]}}