{"id":3612,"date":"2022-07-07T12:16:14","date_gmt":"2022-07-07T10:16:14","guid":{"rendered":"https:\/\/www.decci.cz\/about-us\/our-companies\/decci-a-s\/"},"modified":"2022-08-31T14:47:44","modified_gmt":"2022-08-31T12:47:44","slug":"decci-a-s","status":"publish","type":"page","link":"https:\/\/www.decci.cz\/en\/about-us\/our-companies\/decci-a-s\/","title":{"rendered":"DECCI a.s."},"content":{"rendered":"\t\t<div data-elementor-type=\"wp-page\" data-elementor-id=\"3612\" class=\"elementor elementor-3612 elementor-247\" data-elementor-post-type=\"page\">\n\t\t\t\t\t\t<section class=\"elementor-section elementor-top-section elementor-element elementor-element-75fe9d6 elementor-section-height-min-height elementor-section-boxed elementor-section-height-default elementor-section-items-middle\" data-id=\"75fe9d6\" data-element_type=\"section\">\n\t\t\t\t\t\t<div class=\"elementor-container elementor-column-gap-default\">\n\t\t\t\t\t<div class=\"elementor-column elementor-col-100 elementor-top-column elementor-element elementor-element-dfc315b\" data-id=\"dfc315b\" data-element_type=\"column\" data-settings=\"{&quot;background_background&quot;:&quot;classic&quot;}\">\n\t\t\t<div class=\"elementor-widget-wrap elementor-element-populated\">\n\t\t\t\t\t<div class=\"elementor-background-overlay\"><\/div>\n\t\t\t\t\t\t<div class=\"elementor-element elementor-element-0942c34 elementor-widget elementor-widget-heading\" data-id=\"0942c34\" data-element_type=\"widget\" data-widget_type=\"heading.default\">\n\t\t\t\t<div class=\"elementor-widget-container\">\n\t\t\t\t\t<h1 class=\"elementor-heading-title elementor-size-default\">DECCI a.s.<\/h1>\t\t\t\t<\/div>\n\t\t\t\t<\/div>\n\t\t\t\t<div class=\"elementor-element elementor-element-a376741 elementor-widget-divider--view-line elementor-widget elementor-widget-divider\" data-id=\"a376741\" data-element_type=\"widget\" data-widget_type=\"divider.default\">\n\t\t\t\t<div class=\"elementor-widget-container\">\n\t\t\t\t\t\t\t<div class=\"elementor-divider\">\n\t\t\t<span class=\"elementor-divider-separator\">\n\t\t\t\t\t\t<\/span>\n\t\t<\/div>\n\t\t\t\t\t\t<\/div>\n\t\t\t\t<\/div>\n\t\t\t\t<div class=\"elementor-element elementor-element-c122bb7 elementor-widget elementor-widget-text-editor\" data-id=\"c122bb7\" data-element_type=\"widget\" data-widget_type=\"text-editor.default\">\n\t\t\t\t<div class=\"elementor-widget-container\">\n\t\t\t\t\t\t\t\t\tDecci a.s. is company designing and building photovoltaic power plants in the Czech Republic.\t\t\t\t\t\t\t\t<\/div>\n\t\t\t\t<\/div>\n\t\t\t\t\t<\/div>\n\t\t<\/div>\n\t\t\t\t\t<\/div>\n\t\t<\/section>\n\t\t\t\t<section class=\"elementor-section elementor-top-section elementor-element elementor-element-77c1139 elementor-section-boxed elementor-section-height-default elementor-section-height-default\" data-id=\"77c1139\" data-element_type=\"section\">\n\t\t\t\t\t\t<div class=\"elementor-container elementor-column-gap-default\">\n\t\t\t\t\t<div class=\"elementor-column elementor-col-100 elementor-top-column elementor-element elementor-element-6c84149\" data-id=\"6c84149\" data-element_type=\"column\">\n\t\t\t<div class=\"elementor-widget-wrap elementor-element-populated\">\n\t\t\t\t\t\t<div class=\"elementor-element elementor-element-f661d1d elementor-widget elementor-widget-text-editor\" data-id=\"f661d1d\" data-element_type=\"widget\" data-widget_type=\"text-editor.default\">\n\t\t\t\t<div class=\"elementor-widget-container\">\n\t\t\t\t\t\t\t\t\tDecci a.s. builds and operates power plants under the trademark FVE CZECH.\t\t\t\t\t\t\t\t<\/div>\n\t\t\t\t<\/div>\n\t\t\t\t\t<\/div>\n\t\t<\/div>\n\t\t\t\t\t<\/div>\n\t\t<\/section>\n\t\t\t\t<section class=\"elementor-section elementor-top-section elementor-element elementor-element-c13f39e elementor-section-boxed elementor-section-height-default elementor-section-height-default\" data-id=\"c13f39e\" data-element_type=\"section\">\n\t\t\t\t\t\t<div class=\"elementor-container elementor-column-gap-default\">\n\t\t\t\t\t<div class=\"elementor-column elementor-col-100 elementor-top-column elementor-element elementor-element-52a56aa\" data-id=\"52a56aa\" data-element_type=\"column\">\n\t\t\t<div class=\"elementor-widget-wrap elementor-element-populated\">\n\t\t\t\t\t\t<div class=\"elementor-element elementor-element-1f13b31 elementor-widget elementor-widget-text-editor\" data-id=\"1f13b31\" data-element_type=\"widget\" data-widget_type=\"text-editor.default\">\n\t\t\t\t<div class=\"elementor-widget-container\">\n\t\t\t\t\t\t\t\t\tAs of today, the company has built power plants with a combined power output exceeding 44 MWp (the power output of individual power plants range from 0.5 to 35 MWp).\t\t\t\t\t\t\t\t<\/div>\n\t\t\t\t<\/div>\n\t\t\t\t\t<\/div>\n\t\t<\/div>\n\t\t\t\t\t<\/div>\n\t\t<\/section>\n\t\t\t\t<section class=\"elementor-section elementor-top-section elementor-element elementor-element-c14b385 elementor-section-boxed elementor-section-height-default elementor-section-height-default\" data-id=\"c14b385\" data-element_type=\"section\">\n\t\t\t\t\t\t<div class=\"elementor-container elementor-column-gap-default\">\n\t\t\t\t\t<div class=\"elementor-column elementor-col-50 elementor-top-column elementor-element elementor-element-501dc8c\" data-id=\"501dc8c\" data-element_type=\"column\" data-settings=\"{&quot;background_background&quot;:&quot;classic&quot;}\">\n\t\t\t<div class=\"elementor-widget-wrap elementor-element-populated\">\n\t\t\t\t\t\t<div class=\"elementor-element elementor-element-5b52dd9 elementor-widget elementor-widget-heading\" data-id=\"5b52dd9\" data-element_type=\"widget\" data-widget_type=\"heading.default\">\n\t\t\t\t<div class=\"elementor-widget-container\">\n\t\t\t\t\t<h3 class=\"elementor-heading-title elementor-size-default\">Major assets of Decci a.s.<\/h3>\t\t\t\t<\/div>\n\t\t\t\t<\/div>\n\t\t\t\t<div class=\"elementor-element elementor-element-3c36aa6 elementor-widget elementor-widget-text-editor\" data-id=\"3c36aa6\" data-element_type=\"widget\" data-widget_type=\"text-editor.default\">\n\t\t\t\t<div class=\"elementor-widget-container\">\n\t\t\t\t\t\t\t\t\t<ul>\n \t<li>Decci a.s. has been on the photovoltaic market since 2007 and boasts extensive experience building photovoltaic power plants with an output of up to 35 MWp.<\/li>\n \t<li>Our philosophy is a combination of quality, safety, modern technologies, responsibility and close cooperation with academic communities.<\/li>\n \t<li>While building power plants, it is our priority to minimize environmental impact with a special emphasis on protection of landscape and soil.<\/li>\n \t<li>Our affiliate company DECCI servis s.r.o. offers our clients complex services such as operation, maintenance, management and monitoring of PVPPs.<\/li>\n<\/ul>\t\t\t\t\t\t\t\t<\/div>\n\t\t\t\t<\/div>\n\t\t\t\t\t<\/div>\n\t\t<\/div>\n\t\t\t\t<div class=\"elementor-column elementor-col-50 elementor-top-column elementor-element elementor-element-ad2b0a2\" data-id=\"ad2b0a2\" data-element_type=\"column\" data-settings=\"{&quot;background_background&quot;:&quot;classic&quot;}\">\n\t\t\t<div class=\"elementor-widget-wrap elementor-element-populated\">\n\t\t\t\t\t\t<div class=\"elementor-element elementor-element-9d08216 elementor-widget elementor-widget-heading\" data-id=\"9d08216\" data-element_type=\"widget\" data-widget_type=\"heading.default\">\n\t\t\t\t<div class=\"elementor-widget-container\">\n\t\t\t\t\t<h3 class=\"elementor-heading-title elementor-size-default\">Spolupr\u00e1ce s \u010cVUT<\/h3>\t\t\t\t<\/div>\n\t\t\t\t<\/div>\n\t\t\t\t<div class=\"elementor-element elementor-element-ca80414 elementor-widget elementor-widget-text-editor\" data-id=\"ca80414\" data-element_type=\"widget\" data-widget_type=\"text-editor.default\">\n\t\t\t\t<div class=\"elementor-widget-container\">\n\t\t\t\t\t\t\t\t\tWe have been developing new technologies, visions and strategies jointly with the photovoltaic laboratories of <strong>the Czech Technical University<\/strong> in Prague.\n\t\t\t\t\t\t\t\t<\/div>\n\t\t\t\t<\/div>\n\t\t\t\t<div class=\"elementor-element elementor-element-8529d64 elementor-widget elementor-widget-image\" data-id=\"8529d64\" data-element_type=\"widget\" data-widget_type=\"image.default\">\n\t\t\t\t<div class=\"elementor-widget-container\">\n\t\t\t\t\t\t\t\t\t\t\t\t\t\t\t<img decoding=\"async\" width=\"150\" height=\"150\" src=\"https:\/\/www.decci.cz\/wp-content\/uploads\/2022\/07\/logo-cvut-150x150.png\" class=\"attachment-thumbnail size-thumbnail wp-image-3538\" alt=\"\" \/>\t\t\t\t\t\t\t\t\t\t\t\t\t\t\t<\/div>\n\t\t\t\t<\/div>\n\t\t\t\t\t<\/div>\n\t\t<\/div>\n\t\t\t\t\t<\/div>\n\t\t<\/section>\n\t\t\t\t<\/div>\n\t\t","protected":false},"excerpt":{"rendered":"<p>DECCI a.s. Decci a.s. is company designing and building photovoltaic power plants in the Czech Republic.Decci a.s. builds and operates power plants under the trademark FVE CZECH.As of today, the company has built power plants with a combined power output exceeding 44 MWp (the power output of individual power plants range from 0.5 to 35 [&hellip;]<\/p>\n","protected":false},"author":1,"featured_media":0,"parent":3607,"menu_order":1,"comment_status":"closed","ping_status":"closed","template":"","meta":{"footnotes":""},"class_list":["post-3612","page","type-page","status-publish","hentry"],"yoast_head":"<!-- This site is optimized with the Yoast SEO plugin v25.3.1 - https:\/\/yoast.com\/wordpress\/plugins\/seo\/ -->\n<title>DECCI a.s. - DECCI<\/title>\n<meta name=\"robots\" content=\"index, follow, max-snippet:-1, max-image-preview:large, max-video-preview:-1\" \/>\n<link rel=\"canonical\" href=\"https:\/\/www.decci.cz\/en\/about-us\/our-companies\/decci-a-s\/\" \/>\n<meta property=\"og:locale\" content=\"en_US\" \/>\n<meta property=\"og:type\" content=\"article\" \/>\n<meta property=\"og:title\" content=\"DECCI a.s. - DECCI\" \/>\n<meta property=\"og:description\" content=\"DECCI a.s. Decci a.s. is company designing and building photovoltaic power plants in the Czech Republic.Decci a.s. builds and operates power plants under the trademark FVE CZECH.As of today, the company has built power plants with a combined power output exceeding 44 MWp (the power output of individual power plants range from 0.5 to 35 [&hellip;]\" \/>\n<meta property=\"og:url\" content=\"https:\/\/www.decci.cz\/en\/about-us\/our-companies\/decci-a-s\/\" \/>\n<meta property=\"og:site_name\" content=\"DECCI\" \/>\n<meta property=\"article:modified_time\" content=\"2022-08-31T12:47:44+00:00\" \/>\n<meta property=\"og:image\" content=\"https:\/\/www.decci.cz\/wp-content\/uploads\/2022\/07\/logo-cvut.png\" \/>\n<meta name=\"twitter:card\" content=\"summary_large_image\" \/>\n<meta name=\"twitter:label1\" content=\"Est. reading time\" \/>\n\t<meta name=\"twitter:data1\" content=\"1 minute\" \/>\n<script type=\"application\/ld+json\" class=\"yoast-schema-graph\">{\"@context\":\"https:\/\/schema.org\",\"@graph\":[{\"@type\":\"WebPage\",\"@id\":\"https:\/\/www.decci.cz\/en\/about-us\/our-companies\/decci-a-s\/\",\"url\":\"https:\/\/www.decci.cz\/en\/about-us\/our-companies\/decci-a-s\/\",\"name\":\"DECCI a.s. - DECCI\",\"isPartOf\":{\"@id\":\"https:\/\/www.decci.cz\/#website\"},\"primaryImageOfPage\":{\"@id\":\"https:\/\/www.decci.cz\/en\/about-us\/our-companies\/decci-a-s\/#primaryimage\"},\"image\":{\"@id\":\"https:\/\/www.decci.cz\/en\/about-us\/our-companies\/decci-a-s\/#primaryimage\"},\"thumbnailUrl\":\"https:\/\/www.decci.cz\/wp-content\/uploads\/2022\/07\/logo-cvut.png\",\"datePublished\":\"2022-07-07T10:16:14+00:00\",\"dateModified\":\"2022-08-31T12:47:44+00:00\",\"breadcrumb\":{\"@id\":\"https:\/\/www.decci.cz\/en\/about-us\/our-companies\/decci-a-s\/#breadcrumb\"},\"inLanguage\":\"en-US\",\"potentialAction\":[{\"@type\":\"ReadAction\",\"target\":[\"https:\/\/www.decci.cz\/en\/about-us\/our-companies\/decci-a-s\/\"]}]},{\"@type\":\"ImageObject\",\"inLanguage\":\"en-US\",\"@id\":\"https:\/\/www.decci.cz\/en\/about-us\/our-companies\/decci-a-s\/#primaryimage\",\"url\":\"https:\/\/www.decci.cz\/wp-content\/uploads\/2022\/07\/logo-cvut.png\",\"contentUrl\":\"https:\/\/www.decci.cz\/wp-content\/uploads\/2022\/07\/logo-cvut.png\"},{\"@type\":\"BreadcrumbList\",\"@id\":\"https:\/\/www.decci.cz\/en\/about-us\/our-companies\/decci-a-s\/#breadcrumb\",\"itemListElement\":[{\"@type\":\"ListItem\",\"position\":1,\"name\":\"Dom\u016f\",\"item\":\"https:\/\/www.decci.cz\/en\/\"},{\"@type\":\"ListItem\",\"position\":2,\"name\":\"About us\",\"item\":\"https:\/\/www.decci.cz\/en\/about-us\/\"},{\"@type\":\"ListItem\",\"position\":3,\"name\":\"Our companies\",\"item\":\"https:\/\/www.decci.cz\/en\/about-us\/our-companies\/\"},{\"@type\":\"ListItem\",\"position\":4,\"name\":\"DECCI a.s.\"}]},{\"@type\":\"WebSite\",\"@id\":\"https:\/\/www.decci.cz\/#website\",\"url\":\"https:\/\/www.decci.cz\/\",\"name\":\"DECCI\",\"description\":\"Vytv\u00e1\u0159\u00edme infrastrukturu budoucnosti\",\"potentialAction\":[{\"@type\":\"SearchAction\",\"target\":{\"@type\":\"EntryPoint\",\"urlTemplate\":\"https:\/\/www.decci.cz\/?s={search_term_string}\"},\"query-input\":{\"@type\":\"PropertyValueSpecification\",\"valueRequired\":true,\"valueName\":\"search_term_string\"}}],\"inLanguage\":\"en-US\"}]}<\/script>\n<!-- \/ Yoast SEO plugin. -->","yoast_head_json":{"title":"DECCI a.s. - DECCI","robots":{"index":"index","follow":"follow","max-snippet":"max-snippet:-1","max-image-preview":"max-image-preview:large","max-video-preview":"max-video-preview:-1"},"canonical":"https:\/\/www.decci.cz\/en\/about-us\/our-companies\/decci-a-s\/","og_locale":"en_US","og_type":"article","og_title":"DECCI a.s. - DECCI","og_description":"DECCI a.s. Decci a.s. is company designing and building photovoltaic power plants in the Czech Republic.Decci a.s. builds and operates power plants under the trademark FVE CZECH.As of today, the company has built power plants with a combined power output exceeding 44 MWp (the power output of individual power plants range from 0.5 to 35 [&hellip;]","og_url":"https:\/\/www.decci.cz\/en\/about-us\/our-companies\/decci-a-s\/","og_site_name":"DECCI","article_modified_time":"2022-08-31T12:47:44+00:00","og_image":[{"url":"https:\/\/www.decci.cz\/wp-content\/uploads\/2022\/07\/logo-cvut.png","type":"","width":"","height":""}],"twitter_card":"summary_large_image","twitter_misc":{"Est. reading time":"1 minute"},"schema":{"@context":"https:\/\/schema.org","@graph":[{"@type":"WebPage","@id":"https:\/\/www.decci.cz\/en\/about-us\/our-companies\/decci-a-s\/","url":"https:\/\/www.decci.cz\/en\/about-us\/our-companies\/decci-a-s\/","name":"DECCI a.s. - DECCI","isPartOf":{"@id":"https:\/\/www.decci.cz\/#website"},"primaryImageOfPage":{"@id":"https:\/\/www.decci.cz\/en\/about-us\/our-companies\/decci-a-s\/#primaryimage"},"image":{"@id":"https:\/\/www.decci.cz\/en\/about-us\/our-companies\/decci-a-s\/#primaryimage"},"thumbnailUrl":"https:\/\/www.decci.cz\/wp-content\/uploads\/2022\/07\/logo-cvut.png","datePublished":"2022-07-07T10:16:14+00:00","dateModified":"2022-08-31T12:47:44+00:00","breadcrumb":{"@id":"https:\/\/www.decci.cz\/en\/about-us\/our-companies\/decci-a-s\/#breadcrumb"},"inLanguage":"en-US","potentialAction":[{"@type":"ReadAction","target":["https:\/\/www.decci.cz\/en\/about-us\/our-companies\/decci-a-s\/"]}]},{"@type":"ImageObject","inLanguage":"en-US","@id":"https:\/\/www.decci.cz\/en\/about-us\/our-companies\/decci-a-s\/#primaryimage","url":"https:\/\/www.decci.cz\/wp-content\/uploads\/2022\/07\/logo-cvut.png","contentUrl":"https:\/\/www.decci.cz\/wp-content\/uploads\/2022\/07\/logo-cvut.png"},{"@type":"BreadcrumbList","@id":"https:\/\/www.decci.cz\/en\/about-us\/our-companies\/decci-a-s\/#breadcrumb","itemListElement":[{"@type":"ListItem","position":1,"name":"Dom\u016f","item":"https:\/\/www.decci.cz\/en\/"},{"@type":"ListItem","position":2,"name":"About us","item":"https:\/\/www.decci.cz\/en\/about-us\/"},{"@type":"ListItem","position":3,"name":"Our companies","item":"https:\/\/www.decci.cz\/en\/about-us\/our-companies\/"},{"@type":"ListItem","position":4,"name":"DECCI a.s."}]},{"@type":"WebSite","@id":"https:\/\/www.decci.cz\/#website","url":"https:\/\/www.decci.cz\/","name":"DECCI","description":"Vytv\u00e1\u0159\u00edme infrastrukturu budoucnosti","potentialAction":[{"@type":"SearchAction","target":{"@type":"EntryPoint","urlTemplate":"https:\/\/www.decci.cz\/?s={search_term_string}"},"query-input":{"@type":"PropertyValueSpecification","valueRequired":true,"valueName":"search_term_string"}}],"inLanguage":"en-US"}]}},"_links":{"self":[{"href":"https:\/\/www.decci.cz\/en\/wp-json\/wp\/v2\/pages\/3612","targetHints":{"allow":["GET"]}}],"collection":[{"href":"https:\/\/www.decci.cz\/en\/wp-json\/wp\/v2\/pages"}],"about":[{"href":"https:\/\/www.decci.cz\/en\/wp-json\/wp\/v2\/types\/page"}],"author":[{"embeddable":true,"href":"https:\/\/www.decci.cz\/en\/wp-json\/wp\/v2\/users\/1"}],"replies":[{"embeddable":true,"href":"https:\/\/www.decci.cz\/en\/wp-json\/wp\/v2\/comments?post=3612"}],"version-history":[{"count":3,"href":"https:\/\/www.decci.cz\/en\/wp-json\/wp\/v2\/pages\/3612\/revisions"}],"predecessor-version":[{"id":3615,"href":"https:\/\/www.decci.cz\/en\/wp-json\/wp\/v2\/pages\/3612\/revisions\/3615"}],"up":[{"embeddable":true,"href":"https:\/\/www.decci.cz\/en\/wp-json\/wp\/v2\/pages\/3607"}],"wp:attachment":[{"href":"https:\/\/www.decci.cz\/en\/wp-json\/wp\/v2\/media?parent=3612"}],"curies":[{"name":"wp","href":"https:\/\/api.w.org\/{rel}","templated":true}]}}