{"id":3600,"date":"2022-07-07T08:57:38","date_gmt":"2022-07-07T06:57:38","guid":{"rendered":"https:\/\/www.decci.cz\/about-us\/our-mission-and-vision\/"},"modified":"2022-08-31T12:45:57","modified_gmt":"2022-08-31T10:45:57","slug":"our-mission-and-vision","status":"publish","type":"page","link":"https:\/\/www.decci.cz\/en\/about-us\/our-mission-and-vision\/","title":{"rendered":"Our mission and vision"},"content":{"rendered":"\t\t<div data-elementor-type=\"wp-page\" data-elementor-id=\"3600\" class=\"elementor elementor-3600 elementor-70\" data-elementor-post-type=\"page\">\n\t\t\t\t\t\t<section class=\"elementor-section elementor-top-section elementor-element elementor-element-e284ea5 elementor-section-height-min-height elementor-section-boxed elementor-section-height-default elementor-section-items-middle\" data-id=\"e284ea5\" data-element_type=\"section\">\n\t\t\t\t\t\t<div class=\"elementor-container elementor-column-gap-default\">\n\t\t\t\t\t<div class=\"elementor-column elementor-col-100 elementor-top-column elementor-element elementor-element-880ed49\" data-id=\"880ed49\" data-element_type=\"column\" data-settings=\"{&quot;background_background&quot;:&quot;classic&quot;}\">\n\t\t\t<div class=\"elementor-widget-wrap elementor-element-populated\">\n\t\t\t\t\t<div class=\"elementor-background-overlay\"><\/div>\n\t\t\t\t\t\t<div class=\"elementor-element elementor-element-92a9f1f elementor-widget elementor-widget-heading\" data-id=\"92a9f1f\" data-element_type=\"widget\" data-widget_type=\"heading.default\">\n\t\t\t\t<div class=\"elementor-widget-container\">\n\t\t\t\t\t<h1 class=\"elementor-heading-title elementor-size-default\">Our mission and vision<\/h1>\t\t\t\t<\/div>\n\t\t\t\t<\/div>\n\t\t\t\t<div class=\"elementor-element elementor-element-569e3f2 elementor-widget-divider--view-line elementor-widget elementor-widget-divider\" data-id=\"569e3f2\" data-element_type=\"widget\" data-widget_type=\"divider.default\">\n\t\t\t\t<div class=\"elementor-widget-container\">\n\t\t\t\t\t\t\t<div class=\"elementor-divider\">\n\t\t\t<span class=\"elementor-divider-separator\">\n\t\t\t\t\t\t<\/span>\n\t\t<\/div>\n\t\t\t\t\t\t<\/div>\n\t\t\t\t<\/div>\n\t\t\t\t<div class=\"elementor-element elementor-element-d85b1a1 elementor-widget elementor-widget-text-editor\" data-id=\"d85b1a1\" data-element_type=\"widget\" data-widget_type=\"text-editor.default\">\n\t\t\t\t<div class=\"elementor-widget-container\">\n\t\t\t\t\t\t\t\t\tOne of the leading energy companies which focuses on investing in modern and innovative renewable energy technologies.\t\t\t\t\t\t\t\t<\/div>\n\t\t\t\t<\/div>\n\t\t\t\t\t<\/div>\n\t\t<\/div>\n\t\t\t\t\t<\/div>\n\t\t<\/section>\n\t\t\t\t<section class=\"elementor-section elementor-top-section elementor-element elementor-element-fad1372 elementor-section-boxed elementor-section-height-default elementor-section-height-default\" data-id=\"fad1372\" data-element_type=\"section\">\n\t\t\t\t\t\t<div class=\"elementor-container elementor-column-gap-default\">\n\t\t\t\t\t<div class=\"elementor-column elementor-col-100 elementor-top-column elementor-element elementor-element-950826a\" data-id=\"950826a\" data-element_type=\"column\">\n\t\t\t<div class=\"elementor-widget-wrap elementor-element-populated\">\n\t\t\t\t\t\t<section class=\"elementor-section elementor-inner-section elementor-element elementor-element-1c144d8 elementor-section-boxed elementor-section-height-default elementor-section-height-default\" data-id=\"1c144d8\" data-element_type=\"section\">\n\t\t\t\t\t\t<div class=\"elementor-container elementor-column-gap-default\">\n\t\t\t\t\t<div class=\"elementor-column elementor-col-50 elementor-inner-column elementor-element elementor-element-77488af\" data-id=\"77488af\" data-element_type=\"column\">\n\t\t\t<div class=\"elementor-widget-wrap elementor-element-populated\">\n\t\t\t\t\t\t<div class=\"elementor-element elementor-element-3db6609 elementor-widget elementor-widget-heading\" data-id=\"3db6609\" data-element_type=\"widget\" data-widget_type=\"heading.default\">\n\t\t\t\t<div class=\"elementor-widget-container\">\n\t\t\t\t\t<h2 class=\"elementor-heading-title elementor-size-default\">Our mission<\/h2>\t\t\t\t<\/div>\n\t\t\t\t<\/div>\n\t\t\t\t<div class=\"elementor-element elementor-element-a852835 elementor-widget elementor-widget-text-editor\" data-id=\"a852835\" data-element_type=\"widget\" data-widget_type=\"text-editor.default\">\n\t\t\t\t<div class=\"elementor-widget-container\">\n\t\t\t\t\t\t\t\t\tWe see the importance of innovative energy solutions and their integration into everyday life. Having said that, we also put special emphasis on self-sufficiency and decentralization as we consider these to be the key to stability.\t\t\t\t\t\t\t\t<\/div>\n\t\t\t\t<\/div>\n\t\t\t\t<div class=\"elementor-element elementor-element-3ca21a8 elementor-widget elementor-widget-text-editor\" data-id=\"3ca21a8\" data-element_type=\"widget\" data-widget_type=\"text-editor.default\">\n\t\t\t\t<div class=\"elementor-widget-container\">\n\t\t\t\t\t\t\t\t\tWe see the importance of innovative energy solutions and their integration into everyday life. Having said that, we also put special emphasis on self-sufficiency and decentralization as we consider these to be the key to stability. As a company that has pioneered the use of renewable energy sources in the Czech Republic, we believe the future of the sector is decentralized energy production, the ability to manage flexibility, and consumer awareness with respect to energy production and consumption. The idea is to ensure the decreasing centralized sources are primarily used by industry. The emerging decentralized energy production model and peer-to-peer trading are phenomena we seek to respond to in technological terms, ensuring they have the circumstances under which they can exist and work.\t\t\t\t\t\t\t\t<\/div>\n\t\t\t\t<\/div>\n\t\t\t\t\t<\/div>\n\t\t<\/div>\n\t\t\t\t<div class=\"elementor-column elementor-col-50 elementor-inner-column elementor-element elementor-element-ba3104f\" data-id=\"ba3104f\" data-element_type=\"column\" data-settings=\"{&quot;background_background&quot;:&quot;classic&quot;}\">\n\t\t\t<div class=\"elementor-widget-wrap elementor-element-populated\">\n\t\t\t\t\t\t<div class=\"elementor-element elementor-element-2a8895b elementor-widget elementor-widget-heading\" data-id=\"2a8895b\" data-element_type=\"widget\" data-widget_type=\"heading.default\">\n\t\t\t\t<div class=\"elementor-widget-container\">\n\t\t\t\t\t<h2 class=\"elementor-heading-title elementor-size-default\">Our vision<\/h2>\t\t\t\t<\/div>\n\t\t\t\t<\/div>\n\t\t\t\t<div class=\"elementor-element elementor-element-25ef090 elementor-widget elementor-widget-text-editor\" data-id=\"25ef090\" data-element_type=\"widget\" data-widget_type=\"text-editor.default\">\n\t\t\t\t<div class=\"elementor-widget-container\">\n\t\t\t\t\t\t\t\t\tOur ambition is to be a leading energy company focusing on renewable sources.\t\t\t\t\t\t\t\t<\/div>\n\t\t\t\t<\/div>\n\t\t\t\t<div class=\"elementor-element elementor-element-1d28fd4 elementor-widget elementor-widget-text-editor\" data-id=\"1d28fd4\" data-element_type=\"widget\" data-widget_type=\"text-editor.default\">\n\t\t\t\t<div class=\"elementor-widget-container\">\n\t\t\t\t\t\t\t\t\tOur vision is to introduce innovative energy solutions as well as ensure they work efficiently in everyday life.\t\t\t\t\t\t\t\t<\/div>\n\t\t\t\t<\/div>\n\t\t\t\t<div class=\"elementor-element elementor-element-018d537 elementor-widget elementor-widget-text-editor\" data-id=\"018d537\" data-element_type=\"widget\" data-widget_type=\"text-editor.default\">\n\t\t\t\t<div class=\"elementor-widget-container\">\n\t\t\t\t\t\t\t\t\tIt is our understanding that there are two levels of such a technological transformation. The first is a hardware solution consisting in building production units using renewable energy sources and battery storage power plants. The second level consists in creating a software superstructure that makes it possible to manage flexibility of the decentralized energy production and consumption model.\t\t\t\t\t\t\t\t<\/div>\n\t\t\t\t<\/div>\n\t\t\t\t\t<\/div>\n\t\t<\/div>\n\t\t\t\t\t<\/div>\n\t\t<\/section>\n\t\t\t\t\t<\/div>\n\t\t<\/div>\n\t\t\t\t\t<\/div>\n\t\t<\/section>\n\t\t\t\t<\/div>\n\t\t","protected":false},"excerpt":{"rendered":"<p>Our mission and vision One of the leading energy companies which focuses on investing in modern and innovative renewable energy technologies. Our mission We see the importance of innovative energy solutions and their integration into everyday life. Having said that, we also put special emphasis on self-sufficiency and decentralization as we consider these to be [&hellip;]<\/p>\n","protected":false},"author":1,"featured_media":0,"parent":3595,"menu_order":2,"comment_status":"closed","ping_status":"closed","template":"","meta":{"footnotes":""},"class_list":["post-3600","page","type-page","status-publish","hentry"],"yoast_head":"<!-- This site is optimized with the Yoast SEO plugin v25.3.1 - https:\/\/yoast.com\/wordpress\/plugins\/seo\/ -->\n<title>Our mission and vision - DECCI<\/title>\n<meta name=\"robots\" content=\"index, follow, max-snippet:-1, max-image-preview:large, max-video-preview:-1\" \/>\n<link rel=\"canonical\" href=\"https:\/\/www.decci.cz\/en\/about-us\/our-mission-and-vision\/\" \/>\n<meta property=\"og:locale\" content=\"en_US\" \/>\n<meta property=\"og:type\" content=\"article\" \/>\n<meta property=\"og:title\" content=\"Our mission and vision - DECCI\" \/>\n<meta property=\"og:description\" content=\"Our mission and vision One of the leading energy companies which focuses on investing in modern and innovative renewable energy technologies. Our mission We see the importance of innovative energy solutions and their integration into everyday life. Having said that, we also put special emphasis on self-sufficiency and decentralization as we consider these to be [&hellip;]\" \/>\n<meta property=\"og:url\" content=\"https:\/\/www.decci.cz\/en\/about-us\/our-mission-and-vision\/\" \/>\n<meta property=\"og:site_name\" content=\"DECCI\" \/>\n<meta property=\"article:modified_time\" content=\"2022-08-31T10:45:57+00:00\" \/>\n<meta name=\"twitter:card\" content=\"summary_large_image\" \/>\n<meta name=\"twitter:label1\" content=\"Est. reading time\" \/>\n\t<meta name=\"twitter:data1\" content=\"1 minute\" \/>\n<script type=\"application\/ld+json\" class=\"yoast-schema-graph\">{\"@context\":\"https:\/\/schema.org\",\"@graph\":[{\"@type\":\"WebPage\",\"@id\":\"https:\/\/www.decci.cz\/en\/about-us\/our-mission-and-vision\/\",\"url\":\"https:\/\/www.decci.cz\/en\/about-us\/our-mission-and-vision\/\",\"name\":\"Our mission and vision - DECCI\",\"isPartOf\":{\"@id\":\"https:\/\/www.decci.cz\/#website\"},\"datePublished\":\"2022-07-07T06:57:38+00:00\",\"dateModified\":\"2022-08-31T10:45:57+00:00\",\"breadcrumb\":{\"@id\":\"https:\/\/www.decci.cz\/en\/about-us\/our-mission-and-vision\/#breadcrumb\"},\"inLanguage\":\"en-US\",\"potentialAction\":[{\"@type\":\"ReadAction\",\"target\":[\"https:\/\/www.decci.cz\/en\/about-us\/our-mission-and-vision\/\"]}]},{\"@type\":\"BreadcrumbList\",\"@id\":\"https:\/\/www.decci.cz\/en\/about-us\/our-mission-and-vision\/#breadcrumb\",\"itemListElement\":[{\"@type\":\"ListItem\",\"position\":1,\"name\":\"Dom\u016f\",\"item\":\"https:\/\/www.decci.cz\/en\/\"},{\"@type\":\"ListItem\",\"position\":2,\"name\":\"About us\",\"item\":\"https:\/\/www.decci.cz\/en\/about-us\/\"},{\"@type\":\"ListItem\",\"position\":3,\"name\":\"Our mission and vision\"}]},{\"@type\":\"WebSite\",\"@id\":\"https:\/\/www.decci.cz\/#website\",\"url\":\"https:\/\/www.decci.cz\/\",\"name\":\"DECCI\",\"description\":\"Vytv\u00e1\u0159\u00edme infrastrukturu budoucnosti\",\"potentialAction\":[{\"@type\":\"SearchAction\",\"target\":{\"@type\":\"EntryPoint\",\"urlTemplate\":\"https:\/\/www.decci.cz\/?s={search_term_string}\"},\"query-input\":{\"@type\":\"PropertyValueSpecification\",\"valueRequired\":true,\"valueName\":\"search_term_string\"}}],\"inLanguage\":\"en-US\"}]}<\/script>\n<!-- \/ Yoast SEO plugin. -->","yoast_head_json":{"title":"Our mission and vision - DECCI","robots":{"index":"index","follow":"follow","max-snippet":"max-snippet:-1","max-image-preview":"max-image-preview:large","max-video-preview":"max-video-preview:-1"},"canonical":"https:\/\/www.decci.cz\/en\/about-us\/our-mission-and-vision\/","og_locale":"en_US","og_type":"article","og_title":"Our mission and vision - DECCI","og_description":"Our mission and vision One of the leading energy companies which focuses on investing in modern and innovative renewable energy technologies. Our mission We see the importance of innovative energy solutions and their integration into everyday life. Having said that, we also put special emphasis on self-sufficiency and decentralization as we consider these to be [&hellip;]","og_url":"https:\/\/www.decci.cz\/en\/about-us\/our-mission-and-vision\/","og_site_name":"DECCI","article_modified_time":"2022-08-31T10:45:57+00:00","twitter_card":"summary_large_image","twitter_misc":{"Est. reading time":"1 minute"},"schema":{"@context":"https:\/\/schema.org","@graph":[{"@type":"WebPage","@id":"https:\/\/www.decci.cz\/en\/about-us\/our-mission-and-vision\/","url":"https:\/\/www.decci.cz\/en\/about-us\/our-mission-and-vision\/","name":"Our mission and vision - DECCI","isPartOf":{"@id":"https:\/\/www.decci.cz\/#website"},"datePublished":"2022-07-07T06:57:38+00:00","dateModified":"2022-08-31T10:45:57+00:00","breadcrumb":{"@id":"https:\/\/www.decci.cz\/en\/about-us\/our-mission-and-vision\/#breadcrumb"},"inLanguage":"en-US","potentialAction":[{"@type":"ReadAction","target":["https:\/\/www.decci.cz\/en\/about-us\/our-mission-and-vision\/"]}]},{"@type":"BreadcrumbList","@id":"https:\/\/www.decci.cz\/en\/about-us\/our-mission-and-vision\/#breadcrumb","itemListElement":[{"@type":"ListItem","position":1,"name":"Dom\u016f","item":"https:\/\/www.decci.cz\/en\/"},{"@type":"ListItem","position":2,"name":"About us","item":"https:\/\/www.decci.cz\/en\/about-us\/"},{"@type":"ListItem","position":3,"name":"Our mission and vision"}]},{"@type":"WebSite","@id":"https:\/\/www.decci.cz\/#website","url":"https:\/\/www.decci.cz\/","name":"DECCI","description":"Vytv\u00e1\u0159\u00edme infrastrukturu budoucnosti","potentialAction":[{"@type":"SearchAction","target":{"@type":"EntryPoint","urlTemplate":"https:\/\/www.decci.cz\/?s={search_term_string}"},"query-input":{"@type":"PropertyValueSpecification","valueRequired":true,"valueName":"search_term_string"}}],"inLanguage":"en-US"}]}},"_links":{"self":[{"href":"https:\/\/www.decci.cz\/en\/wp-json\/wp\/v2\/pages\/3600","targetHints":{"allow":["GET"]}}],"collection":[{"href":"https:\/\/www.decci.cz\/en\/wp-json\/wp\/v2\/pages"}],"about":[{"href":"https:\/\/www.decci.cz\/en\/wp-json\/wp\/v2\/types\/page"}],"author":[{"embeddable":true,"href":"https:\/\/www.decci.cz\/en\/wp-json\/wp\/v2\/users\/1"}],"replies":[{"embeddable":true,"href":"https:\/\/www.decci.cz\/en\/wp-json\/wp\/v2\/comments?post=3600"}],"version-history":[{"count":6,"href":"https:\/\/www.decci.cz\/en\/wp-json\/wp\/v2\/pages\/3600\/revisions"}],"predecessor-version":[{"id":3606,"href":"https:\/\/www.decci.cz\/en\/wp-json\/wp\/v2\/pages\/3600\/revisions\/3606"}],"up":[{"embeddable":true,"href":"https:\/\/www.decci.cz\/en\/wp-json\/wp\/v2\/pages\/3595"}],"wp:attachment":[{"href":"https:\/\/www.decci.cz\/en\/wp-json\/wp\/v2\/media?parent=3600"}],"curies":[{"name":"wp","href":"https:\/\/api.w.org\/{rel}","templated":true}]}}