{"id":3595,"date":"2022-07-07T08:43:13","date_gmt":"2022-07-07T06:43:13","guid":{"rendered":"https:\/\/www.decci.cz\/about-us\/"},"modified":"2022-07-07T08:43:13","modified_gmt":"2022-07-07T06:43:13","slug":"about-us","status":"publish","type":"page","link":"https:\/\/www.decci.cz\/en\/about-us\/","title":{"rendered":"About us"},"content":{"rendered":"\t\t<div data-elementor-type=\"wp-page\" data-elementor-id=\"3595\" class=\"elementor elementor-3595 elementor-40\" data-elementor-post-type=\"page\">\n\t\t\t\t\t\t<section class=\"elementor-section elementor-top-section elementor-element elementor-element-c4e355b elementor-section-boxed elementor-section-height-default elementor-section-height-default\" data-id=\"c4e355b\" data-element_type=\"section\">\n\t\t\t\t\t\t<div class=\"elementor-container elementor-column-gap-default\">\n\t\t\t\t\t<div class=\"elementor-column elementor-col-100 elementor-top-column elementor-element elementor-element-8af3424\" data-id=\"8af3424\" data-element_type=\"column\">\n\t\t\t<div class=\"elementor-widget-wrap elementor-element-populated\">\n\t\t\t\t\t\t<section class=\"elementor-section elementor-inner-section elementor-element elementor-element-12a4208 elementor-section-boxed elementor-section-height-default elementor-section-height-default\" data-id=\"12a4208\" data-element_type=\"section\">\n\t\t\t\t\t\t<div class=\"elementor-container elementor-column-gap-default\">\n\t\t\t\t\t<div class=\"elementor-column elementor-col-100 elementor-inner-column elementor-element elementor-element-0c77798\" data-id=\"0c77798\" data-element_type=\"column\">\n\t\t\t<div class=\"elementor-widget-wrap elementor-element-populated\">\n\t\t\t\t\t\t<div class=\"elementor-element elementor-element-d006505 elementor-widget elementor-widget-heading\" data-id=\"d006505\" data-element_type=\"widget\" data-widget_type=\"heading.default\">\n\t\t\t\t<div class=\"elementor-widget-container\">\n\t\t\t\t\t<h1 class=\"elementor-heading-title elementor-size-default\">O N\u00c1S<\/h1>\t\t\t\t<\/div>\n\t\t\t\t<\/div>\n\t\t\t\t<div class=\"elementor-element elementor-element-3e745d8 elementor-widget elementor-widget-text-editor\" data-id=\"3e745d8\" data-element_type=\"widget\" data-widget_type=\"text-editor.default\">\n\t\t\t\t<div class=\"elementor-widget-container\">\n\t\t\t\t\t\t\t\t\tIntegrujeme inovativn\u00ed energetick\u00e1 \u0159e\u0161en\u00ed\ndo ka\u017edodenn\u00edho \u017eivota\t\t\t\t\t\t\t\t<\/div>\n\t\t\t\t<\/div>\n\t\t\t\t\t<\/div>\n\t\t<\/div>\n\t\t\t\t\t<\/div>\n\t\t<\/section>\n\t\t\t\t\t<\/div>\n\t\t<\/div>\n\t\t\t\t\t<\/div>\n\t\t<\/section>\n\t\t\t\t<section class=\"elementor-section elementor-top-section elementor-element elementor-element-fad1372 elementor-section-boxed elementor-section-height-default elementor-section-height-default\" data-id=\"fad1372\" data-element_type=\"section\">\n\t\t\t\t\t\t<div class=\"elementor-container elementor-column-gap-default\">\n\t\t\t\t\t<div class=\"elementor-column elementor-col-50 elementor-top-column elementor-element elementor-element-950826a\" data-id=\"950826a\" data-element_type=\"column\">\n\t\t\t<div class=\"elementor-widget-wrap elementor-element-populated\">\n\t\t\t\t\t\t<div class=\"elementor-element elementor-element-2a8895b elementor-widget elementor-widget-heading\" data-id=\"2a8895b\" data-element_type=\"widget\" data-widget_type=\"heading.default\">\n\t\t\t\t<div class=\"elementor-widget-container\">\n\t\t\t\t\t<h2 class=\"elementor-heading-title elementor-size-default\">O DECCI<\/h2>\t\t\t\t<\/div>\n\t\t\t\t<\/div>\n\t\t\t\t<div class=\"elementor-element elementor-element-075b451 elementor-widget elementor-widget-text-editor\" data-id=\"075b451\" data-element_type=\"widget\" data-widget_type=\"text-editor.default\">\n\t\t\t\t<div class=\"elementor-widget-container\">\n\t\t\t\t\t\t\t\t\tDECCI je energetick\u00e1 spole\u010dnost. Dlouhodob\u011b se zam\u011b\u0159uje na investice v oblasti modern\u00ed energetiky. Pat\u0159\u00ed k hlavn\u00edm pr\u016fkopn\u00edk\u016fm rozvoje obnoviteln\u00fdch zdroj\u016f energie a jejich integrace do rozvodn\u00e9 s\u00edt\u011b.\t\t\t\t\t\t\t\t<\/div>\n\t\t\t\t<\/div>\n\t\t\t\t<div class=\"elementor-element elementor-element-4d942d1 elementor-widget elementor-widget-button\" data-id=\"4d942d1\" data-element_type=\"widget\" data-widget_type=\"button.default\">\n\t\t\t\t<div class=\"elementor-widget-container\">\n\t\t\t\t\t\t\t\t\t<div class=\"elementor-button-wrapper\">\n\t\t\t\t\t<a class=\"elementor-button elementor-button-link elementor-size-sm\" href=\"https:\/\/www.decci.cz\/o-nas\/o-decci\/\">\n\t\t\t\t\t\t<span class=\"elementor-button-content-wrapper\">\n\t\t\t\t\t\t\t\t\t<span class=\"elementor-button-text\">V\u00edce o DECCI<\/span>\n\t\t\t\t\t<\/span>\n\t\t\t\t\t<\/a>\n\t\t\t\t<\/div>\n\t\t\t\t\t\t\t\t<\/div>\n\t\t\t\t<\/div>\n\t\t\t\t<div class=\"elementor-element elementor-element-f618b34 elementor-widget elementor-widget-heading\" data-id=\"f618b34\" data-element_type=\"widget\" data-widget_type=\"heading.default\">\n\t\t\t\t<div class=\"elementor-widget-container\">\n\t\t\t\t\t<h2 class=\"elementor-heading-title elementor-size-default\">Inovace. Decentralizace. Sob\u011bsta\u010dnost.<\/h2>\t\t\t\t<\/div>\n\t\t\t\t<\/div>\n\t\t\t\t<div class=\"elementor-element elementor-element-2c987dd elementor-widget elementor-widget-text-editor\" data-id=\"2c987dd\" data-element_type=\"widget\" data-widget_type=\"text-editor.default\">\n\t\t\t\t<div class=\"elementor-widget-container\">\n\t\t\t\t\t\t\t\t\t<p><strong>Inovativn\u00ed p\u0159\u00edstupy v energetice<\/strong> jsou n\u00e1m vlastn\u00ed. Zaj\u00edm\u00e1me se o inovativn\u00ed energetick\u00e1 \u0159e\u0161en\u00ed v oblasti v\u00fdroby energie z obnoviteln\u00fdch zdroj\u016f a akumulace energie do bateriov\u00fdch \u00falo\u017ei\u0161\u0165. Svou \u010dinnost\u00ed se chceme pod\u00edlet na realizaci velkokapacitn\u00edch \u00falo\u017ei\u0161\u0165 energie, kter\u00e9 zabezpe\u010d\u00ed v\u011bt\u0161\u00ed energetickou sob\u011bsta\u010dnost a udr\u017eitelnost rozvoje tohoto sektoru ve form\u011b decentralizovan\u00fdch v\u00fdroben elekt\u0159iny.<\/p>\t\t\t\t\t\t\t\t<\/div>\n\t\t\t\t<\/div>\n\t\t\t\t<div class=\"elementor-element elementor-element-2098ddd elementor-widget elementor-widget-heading\" data-id=\"2098ddd\" data-element_type=\"widget\" data-widget_type=\"heading.default\">\n\t\t\t\t<div class=\"elementor-widget-container\">\n\t\t\t\t\t<h2 class=\"elementor-heading-title elementor-size-default\">Fotovoltaick\u00e9 elektr\u00e1rny od A do Z\n<\/h2>\t\t\t\t<\/div>\n\t\t\t\t<\/div>\n\t\t\t\t<div class=\"elementor-element elementor-element-314b55e elementor-widget elementor-widget-text-editor\" data-id=\"314b55e\" data-element_type=\"widget\" data-widget_type=\"text-editor.default\">\n\t\t\t\t<div class=\"elementor-widget-container\">\n\t\t\t\t\t\t\t\t\tDECCI zaji\u0161\u0165uje dlouhodob\u00fd efektivn\u00ed chod fotovoltaick\u00fdch elektr\u00e1ren. Na\u0161e odborn\u00e1 p\u00e9\u010de za\u010d\u00edn\u00e1 ji\u017e v samotn\u00e9 f\u00e1zi p\u0159ipravy projektu a v\u00fdb\u011bru vhodn\u00fdch FVE komponent. N\u00e1sleduje v\u00fdstavba FVE pod zku\u0161en\u00fdm dozorem technick\u00e9ho t\u00fdmu DECCI a uveden\u00ed FVE do provozu. V r\u00e1mci zku\u0161ebn\u00edho provozu doch\u00e1z\u00ed k optimalizaci provozu FVE a nastaven\u00ed syst\u00e9mu pravideln\u00e9 spr\u00e1vy a monitoringu. Operativn\u011b odstra\u0148ujeme b\u011b\u017en\u00e9 z\u00e1vady FVE a prov\u00e1d\u00edme pot\u0159ebn\u00fd servis fotovoltaick\u00fdch elektr\u00e1ren. Dok\u00e1\u017eeme minimalizovat ztr\u00e1ty z nev\u00fdroby. Zaji\u0161\u0165ujeme pot\u0159ebn\u00e9 datov\u00e9 v\u00fdstupy a obstar\u00e1v\u00e1me ve\u0161kerou administrativu spojenou s provozem FVE.\t\t\t\t\t\t\t\t<\/div>\n\t\t\t\t<\/div>\n\t\t\t\t\t<\/div>\n\t\t<\/div>\n\t\t\t\t<div class=\"elementor-column elementor-col-50 elementor-top-column elementor-element elementor-element-f782df3\" data-id=\"f782df3\" data-element_type=\"column\">\n\t\t\t<div class=\"elementor-widget-wrap elementor-element-populated\">\n\t\t\t\t\t\t<div class=\"elementor-element elementor-element-501630f elementor-widget elementor-widget-heading\" data-id=\"501630f\" data-element_type=\"widget\" data-widget_type=\"heading.default\">\n\t\t\t\t<div class=\"elementor-widget-container\">\n\t\t\t\t\t<h3 class=\"elementor-heading-title elementor-size-default\">Chceme b\u00fdt p\u0159edn\u00ed\nenergetickou spole\u010dnost\u00ed\nzam\u011b\u0159enou na\nobnoviteln\u00e9 zdroje.\n\n<\/h3>\t\t\t\t<\/div>\n\t\t\t\t<\/div>\n\t\t\t\t<div class=\"elementor-element elementor-element-b881d40 elementor-align-right elementor-widget elementor-widget-button\" data-id=\"b881d40\" data-element_type=\"widget\" data-widget_type=\"button.default\">\n\t\t\t\t<div class=\"elementor-widget-container\">\n\t\t\t\t\t\t\t\t\t<div class=\"elementor-button-wrapper\">\n\t\t\t\t\t<a class=\"elementor-button elementor-button-link elementor-size-sm\" href=\"https:\/\/www.decci.cz\/o-nas\/nase-mise-a-vize\/\">\n\t\t\t\t\t\t<span class=\"elementor-button-content-wrapper\">\n\t\t\t\t\t\t\t\t\t<span class=\"elementor-button-text\">Na\u0161e vize<\/span>\n\t\t\t\t\t<\/span>\n\t\t\t\t\t<\/a>\n\t\t\t\t<\/div>\n\t\t\t\t\t\t\t\t<\/div>\n\t\t\t\t<\/div>\n\t\t\t\t<div class=\"elementor-element elementor-element-dc32d51 elementor-widget elementor-widget-heading\" data-id=\"dc32d51\" data-element_type=\"widget\" data-widget_type=\"heading.default\">\n\t\t\t\t<div class=\"elementor-widget-container\">\n\t\t\t\t\t<h3 class=\"elementor-heading-title elementor-size-default\">Vn\u00edm\u00e1me d\u016fle\u017eitost\ninovativn\u00edch energetick\u00fdch\n\u0159e\u0161en\u00ed a jejich integraci\ndo ka\u017edodenn\u00edho \u017eivota.\nTo v\u0161e s d\u016frazem\nna sob\u011bsta\u010dnost\na decentralizaci, kter\u00e9 jsou\nkl\u00ed\u010dem ke stabilit\u011b.<\/h3>\t\t\t\t<\/div>\n\t\t\t\t<\/div>\n\t\t\t\t<div class=\"elementor-element elementor-element-5635cd8 elementor-align-right elementor-widget elementor-widget-button\" data-id=\"5635cd8\" data-element_type=\"widget\" data-widget_type=\"button.default\">\n\t\t\t\t<div class=\"elementor-widget-container\">\n\t\t\t\t\t\t\t\t\t<div class=\"elementor-button-wrapper\">\n\t\t\t\t\t<a class=\"elementor-button elementor-button-link elementor-size-sm\" href=\"https:\/\/www.decci.cz\/o-nas\/nase-mise-a-vize\/\">\n\t\t\t\t\t\t<span class=\"elementor-button-content-wrapper\">\n\t\t\t\t\t\t\t\t\t<span class=\"elementor-button-text\">Na\u0161e mise<\/span>\n\t\t\t\t\t<\/span>\n\t\t\t\t\t<\/a>\n\t\t\t\t<\/div>\n\t\t\t\t\t\t\t\t<\/div>\n\t\t\t\t<\/div>\n\t\t\t\t\t<\/div>\n\t\t<\/div>\n\t\t\t\t\t<\/div>\n\t\t<\/section>\n\t\t\t\t<section class=\"elementor-section elementor-top-section elementor-element elementor-element-2e113ea elementor-section-boxed elementor-section-height-default elementor-section-height-default\" data-id=\"2e113ea\" data-element_type=\"section\">\n\t\t\t\t\t\t<div class=\"elementor-container elementor-column-gap-default\">\n\t\t\t\t\t<div class=\"elementor-column elementor-col-100 elementor-top-column elementor-element elementor-element-33b5c98\" data-id=\"33b5c98\" data-element_type=\"column\">\n\t\t\t<div class=\"elementor-widget-wrap elementor-element-populated\">\n\t\t\t\t\t\t<div class=\"elementor-element elementor-element-e78323f elementor-widget elementor-widget-heading\" data-id=\"e78323f\" data-element_type=\"widget\" data-widget_type=\"heading.default\">\n\t\t\t\t<div class=\"elementor-widget-container\">\n\t\t\t\t\t<h2 class=\"elementor-heading-title elementor-size-default\">Na\u0161e slu\u017eby<\/h2>\t\t\t\t<\/div>\n\t\t\t\t<\/div>\n\t\t\t\t<div class=\"elementor-element elementor-element-21e519e elementor-widget elementor-widget-text-editor\" data-id=\"21e519e\" data-element_type=\"widget\" data-widget_type=\"text-editor.default\">\n\t\t\t\t<div class=\"elementor-widget-container\">\n\t\t\t\t\t\t\t\t\tDECCI zaji\u0161\u0165uje dlouhodob\u00fd efektivn\u00ed chod fotovoltaick\u00fdch elektr\u00e1ren. FVE projektujeme, stav\u00edme, zprovoz\u0148ujeme i servisujeme. Pomoc\u00ed monitoringu optimalizujeme jejich provoz. Zab\u00fdv\u00e1me se realizac\u00ed bateriov\u00fdch ulo\u017ei\u0161\u0165 pro energetick\u00e9 syst\u00e9my z obnoviteln\u00fdch zdroj\u016f.\t\t\t\t\t\t\t\t<\/div>\n\t\t\t\t<\/div>\n\t\t\t\t\t<\/div>\n\t\t<\/div>\n\t\t\t\t\t<\/div>\n\t\t<\/section>\n\t\t\t\t<section class=\"elementor-section elementor-top-section elementor-element elementor-element-7d77ba5 elementor-section-boxed elementor-section-height-default elementor-section-height-default\" data-id=\"7d77ba5\" data-element_type=\"section\">\n\t\t\t\t\t\t<div class=\"elementor-container elementor-column-gap-default\">\n\t\t\t\t\t<div class=\"elementor-column elementor-col-33 elementor-top-column elementor-element elementor-element-7ca9b43\" data-id=\"7ca9b43\" data-element_type=\"column\">\n\t\t\t<div class=\"elementor-widget-wrap elementor-element-populated\">\n\t\t\t\t\t\t<div class=\"elementor-element elementor-element-91271f9 elementor-position-top elementor-widget elementor-widget-image-box\" data-id=\"91271f9\" data-element_type=\"widget\" data-widget_type=\"image-box.default\">\n\t\t\t\t<div class=\"elementor-widget-container\">\n\t\t\t\t\t<div class=\"elementor-image-box-wrapper\"><figure class=\"elementor-image-box-img\"><a href=\"https:\/\/www.decci.cz\/fotovoltaika\/decci-energy\/fotovoltaicke-elektrarny\/\" tabindex=\"-1\"><img decoding=\"async\" width=\"130\" height=\"130\" src=\"https:\/\/www.decci.cz\/wp-content\/uploads\/2022\/07\/sluzba1.png\" class=\"attachment-full size-full wp-image-579\" alt=\"\" \/><\/a><\/figure><div class=\"elementor-image-box-content\"><p class=\"elementor-image-box-description\">zaji\u0161\u0165ujeme projekci, v\u00fdstavbu a zprovozn\u011bn\u00ed FVE\u200b<\/p><\/div><\/div>\t\t\t\t<\/div>\n\t\t\t\t<\/div>\n\t\t\t\t\t<\/div>\n\t\t<\/div>\n\t\t\t\t<div class=\"elementor-column elementor-col-33 elementor-top-column elementor-element elementor-element-8ad6c89\" data-id=\"8ad6c89\" data-element_type=\"column\">\n\t\t\t<div class=\"elementor-widget-wrap elementor-element-populated\">\n\t\t\t\t\t\t<div class=\"elementor-element elementor-element-7c44d34 elementor-position-top elementor-widget elementor-widget-image-box\" data-id=\"7c44d34\" data-element_type=\"widget\" data-widget_type=\"image-box.default\">\n\t\t\t\t<div class=\"elementor-widget-container\">\n\t\t\t\t\t<div class=\"elementor-image-box-wrapper\"><figure class=\"elementor-image-box-img\"><a href=\"https:\/\/www.decci.cz\/fotovoltaika\/decci-energy\/servis-fve\/\" tabindex=\"-1\"><img decoding=\"async\" width=\"130\" height=\"130\" src=\"https:\/\/www.decci.cz\/wp-content\/uploads\/2022\/07\/sluzba2.png\" class=\"attachment-full size-full wp-image-578\" alt=\"\" \/><\/a><\/figure><div class=\"elementor-image-box-content\"><p class=\"elementor-image-box-description\">prov\u00e1d\u00edme monitoring a servis FVE<\/p><\/div><\/div>\t\t\t\t<\/div>\n\t\t\t\t<\/div>\n\t\t\t\t<div class=\"elementor-element elementor-element-663d0e1 elementor-align-center elementor-widget elementor-widget-button\" data-id=\"663d0e1\" data-element_type=\"widget\" data-widget_type=\"button.default\">\n\t\t\t\t<div class=\"elementor-widget-container\">\n\t\t\t\t\t\t\t\t\t<div class=\"elementor-button-wrapper\">\n\t\t\t\t\t<a class=\"elementor-button elementor-button-link elementor-size-sm\" href=\"https:\/\/www.decci.cz\/ke-stazeni\/\">\n\t\t\t\t\t\t<span class=\"elementor-button-content-wrapper\">\n\t\t\t\t\t\t\t\t\t<span class=\"elementor-button-text\">Na\u0161e slu\u017eby<\/span>\n\t\t\t\t\t<\/span>\n\t\t\t\t\t<\/a>\n\t\t\t\t<\/div>\n\t\t\t\t\t\t\t\t<\/div>\n\t\t\t\t<\/div>\n\t\t\t\t\t<\/div>\n\t\t<\/div>\n\t\t\t\t<div class=\"elementor-column elementor-col-33 elementor-top-column elementor-element elementor-element-4d86980\" data-id=\"4d86980\" data-element_type=\"column\">\n\t\t\t<div class=\"elementor-widget-wrap elementor-element-populated\">\n\t\t\t\t\t\t<div class=\"elementor-element elementor-element-065d1d2 elementor-position-top elementor-widget elementor-widget-image-box\" data-id=\"065d1d2\" data-element_type=\"widget\" data-widget_type=\"image-box.default\">\n\t\t\t\t<div class=\"elementor-widget-container\">\n\t\t\t\t\t<div class=\"elementor-image-box-wrapper\"><figure class=\"elementor-image-box-img\"><a href=\"https:\/\/www.decci.cz\/fotovoltaika\/decci-energy\/bateriova-uloziste\/\" tabindex=\"-1\"><img decoding=\"async\" width=\"130\" height=\"130\" src=\"https:\/\/www.decci.cz\/wp-content\/uploads\/2022\/07\/sluzba3.png\" class=\"attachment-full size-full wp-image-577\" alt=\"\" \/><\/a><\/figure><div class=\"elementor-image-box-content\"><p class=\"elementor-image-box-description\">zab\u00fdv\u00e1me se \u0159e\u0161en\u00edm bateriov\u00fdch ulo\u017ei\u0161\u0165 pro energetick\u00e9 syst\u00e9my<\/p><\/div><\/div>\t\t\t\t<\/div>\n\t\t\t\t<\/div>\n\t\t\t\t\t<\/div>\n\t\t<\/div>\n\t\t\t\t\t<\/div>\n\t\t<\/section>\n\t\t\t\t<section class=\"elementor-section elementor-top-section elementor-element elementor-element-f0d2562 elementor-section-boxed elementor-section-height-default elementor-section-height-default\" data-id=\"f0d2562\" data-element_type=\"section\">\n\t\t\t\t\t\t<div class=\"elementor-container elementor-column-gap-default\">\n\t\t\t\t\t<div class=\"elementor-column elementor-col-100 elementor-top-column elementor-element elementor-element-cb31c6b\" data-id=\"cb31c6b\" data-element_type=\"column\">\n\t\t\t<div class=\"elementor-widget-wrap elementor-element-populated\">\n\t\t\t\t\t\t<div class=\"elementor-element elementor-element-03b9352 elementor-widget elementor-widget-heading\" data-id=\"03b9352\" data-element_type=\"widget\" data-widget_type=\"heading.default\">\n\t\t\t\t<div class=\"elementor-widget-container\">\n\t\t\t\t\t<h2 class=\"elementor-heading-title elementor-size-default\">Na\u0161e spole\u010dnosti a partne\u0159i<\/h2>\t\t\t\t<\/div>\n\t\t\t\t<\/div>\n\t\t\t\t<div class=\"elementor-element elementor-element-fea6131 elementor-widget elementor-widget-text-editor\" data-id=\"fea6131\" data-element_type=\"widget\" data-widget_type=\"text-editor.default\">\n\t\t\t\t<div class=\"elementor-widget-container\">\n\t\t\t\t\t\t\t\t\tSpole\u010dnost DECCI se dlouhodob\u011b v\u011bnuje t\u00e9matu sob\u011bsta\u010dnosti a decentralizace v energetice. Abychom dos\u00e1hli toho, \u017ee budou na\u0161e inovativn\u00ed a modern\u00ed p\u0159\u00edstupy k energetick\u00fdm syst\u00e9m\u016fm efektivn\u011b zav\u00e1d\u011bny do praxe, pom\u00e1h\u00e1 n\u00e1m k tomu plnohodnotn\u00e1 s\u00ed\u0165 na\u0161ich spolehliv\u00fdch partner\u016f a spole\u010dnost\u00ed.\t\t\t\t\t\t\t\t<\/div>\n\t\t\t\t<\/div>\n\t\t\t\t<div class=\"elementor-element elementor-element-3a1871d elementor-align-center elementor-widget elementor-widget-button\" data-id=\"3a1871d\" data-element_type=\"widget\" data-widget_type=\"button.default\">\n\t\t\t\t<div class=\"elementor-widget-container\">\n\t\t\t\t\t\t\t\t\t<div class=\"elementor-button-wrapper\">\n\t\t\t\t\t<a class=\"elementor-button elementor-button-link elementor-size-sm\" href=\"https:\/\/www.decci.cz\/o-nas\/nase-spolecnosti\/\">\n\t\t\t\t\t\t<span class=\"elementor-button-content-wrapper\">\n\t\t\t\t\t\t\t\t\t<span class=\"elementor-button-text\">Na\u0161e spole\u010dnosti a partne\u0159i<\/span>\n\t\t\t\t\t<\/span>\n\t\t\t\t\t<\/a>\n\t\t\t\t<\/div>\n\t\t\t\t\t\t\t\t<\/div>\n\t\t\t\t<\/div>\n\t\t\t\t\t<\/div>\n\t\t<\/div>\n\t\t\t\t\t<\/div>\n\t\t<\/section>\n\t\t\t\t<\/div>\n\t\t","protected":false},"excerpt":{"rendered":"<p>ABOUT US We integrate innovative energy solutions into everyday life ABOUT DECCI DECCI is an energy company. Traditionally, we have focused on investing in modern energy solutions. We have been pioneers of the use of renewable energy sources and their integration into the distribution network. More about DECCI Innovation. Decentralization. Self-sufficiency. Innovative approaches to energy [&hellip;]<\/p>\n","protected":false},"author":1,"featured_media":0,"parent":0,"menu_order":0,"comment_status":"closed","ping_status":"closed","template":"","meta":{"footnotes":""},"class_list":["post-3595","page","type-page","status-publish","hentry"],"yoast_head":"<!-- This site is optimized with the Yoast SEO plugin v25.3.1 - https:\/\/yoast.com\/wordpress\/plugins\/seo\/ -->\n<title>About us - DECCI<\/title>\n<meta name=\"robots\" content=\"index, follow, max-snippet:-1, max-image-preview:large, max-video-preview:-1\" \/>\n<link rel=\"canonical\" href=\"https:\/\/www.decci.cz\/en\/about-us\/\" \/>\n<meta property=\"og:locale\" content=\"en_US\" \/>\n<meta property=\"og:type\" content=\"article\" \/>\n<meta property=\"og:title\" content=\"About us - DECCI\" \/>\n<meta property=\"og:description\" content=\"ABOUT US We integrate innovative energy solutions into everyday life ABOUT DECCI DECCI is an energy company. Traditionally, we have focused on investing in modern energy solutions. We have been pioneers of the use of renewable energy sources and their integration into the distribution network. More about DECCI Innovation. Decentralization. Self-sufficiency. Innovative approaches to energy [&hellip;]\" \/>\n<meta property=\"og:url\" content=\"https:\/\/www.decci.cz\/en\/about-us\/\" \/>\n<meta property=\"og:site_name\" content=\"DECCI\" \/>\n<meta property=\"og:image\" content=\"https:\/\/www.decci.cz\/wp-content\/uploads\/2022\/07\/sluzba1.png\" \/>\n\t<meta property=\"og:image:width\" content=\"130\" \/>\n\t<meta property=\"og:image:height\" content=\"130\" \/>\n\t<meta property=\"og:image:type\" content=\"image\/png\" \/>\n<meta name=\"twitter:card\" content=\"summary_large_image\" \/>\n<meta name=\"twitter:label1\" content=\"Est. reading time\" \/>\n\t<meta name=\"twitter:data1\" content=\"2 minutes\" \/>\n<script type=\"application\/ld+json\" class=\"yoast-schema-graph\">{\"@context\":\"https:\/\/schema.org\",\"@graph\":[{\"@type\":\"WebPage\",\"@id\":\"https:\/\/www.decci.cz\/en\/about-us\/\",\"url\":\"https:\/\/www.decci.cz\/en\/about-us\/\",\"name\":\"About us - DECCI\",\"isPartOf\":{\"@id\":\"https:\/\/www.decci.cz\/#website\"},\"primaryImageOfPage\":{\"@id\":\"https:\/\/www.decci.cz\/en\/about-us\/#primaryimage\"},\"image\":{\"@id\":\"https:\/\/www.decci.cz\/en\/about-us\/#primaryimage\"},\"thumbnailUrl\":\"https:\/\/www.decci.cz\/wp-content\/uploads\/2022\/07\/sluzba1.png\",\"datePublished\":\"2022-07-07T06:43:13+00:00\",\"breadcrumb\":{\"@id\":\"https:\/\/www.decci.cz\/en\/about-us\/#breadcrumb\"},\"inLanguage\":\"en-US\",\"potentialAction\":[{\"@type\":\"ReadAction\",\"target\":[\"https:\/\/www.decci.cz\/en\/about-us\/\"]}]},{\"@type\":\"ImageObject\",\"inLanguage\":\"en-US\",\"@id\":\"https:\/\/www.decci.cz\/en\/about-us\/#primaryimage\",\"url\":\"https:\/\/www.decci.cz\/wp-content\/uploads\/2022\/07\/sluzba1.png\",\"contentUrl\":\"https:\/\/www.decci.cz\/wp-content\/uploads\/2022\/07\/sluzba1.png\"},{\"@type\":\"BreadcrumbList\",\"@id\":\"https:\/\/www.decci.cz\/en\/about-us\/#breadcrumb\",\"itemListElement\":[{\"@type\":\"ListItem\",\"position\":1,\"name\":\"Dom\u016f\",\"item\":\"https:\/\/www.decci.cz\/en\/\"},{\"@type\":\"ListItem\",\"position\":2,\"name\":\"About us\"}]},{\"@type\":\"WebSite\",\"@id\":\"https:\/\/www.decci.cz\/#website\",\"url\":\"https:\/\/www.decci.cz\/\",\"name\":\"DECCI\",\"description\":\"Vytv\u00e1\u0159\u00edme infrastrukturu budoucnosti\",\"potentialAction\":[{\"@type\":\"SearchAction\",\"target\":{\"@type\":\"EntryPoint\",\"urlTemplate\":\"https:\/\/www.decci.cz\/?s={search_term_string}\"},\"query-input\":{\"@type\":\"PropertyValueSpecification\",\"valueRequired\":true,\"valueName\":\"search_term_string\"}}],\"inLanguage\":\"en-US\"}]}<\/script>\n<!-- \/ Yoast SEO plugin. -->","yoast_head_json":{"title":"About us - DECCI","robots":{"index":"index","follow":"follow","max-snippet":"max-snippet:-1","max-image-preview":"max-image-preview:large","max-video-preview":"max-video-preview:-1"},"canonical":"https:\/\/www.decci.cz\/en\/about-us\/","og_locale":"en_US","og_type":"article","og_title":"About us - DECCI","og_description":"ABOUT US We integrate innovative energy solutions into everyday life ABOUT DECCI DECCI is an energy company. Traditionally, we have focused on investing in modern energy solutions. We have been pioneers of the use of renewable energy sources and their integration into the distribution network. More about DECCI Innovation. Decentralization. Self-sufficiency. Innovative approaches to energy [&hellip;]","og_url":"https:\/\/www.decci.cz\/en\/about-us\/","og_site_name":"DECCI","og_image":[{"width":130,"height":130,"url":"https:\/\/www.decci.cz\/wp-content\/uploads\/2022\/07\/sluzba1.png","type":"image\/png"}],"twitter_card":"summary_large_image","twitter_misc":{"Est. reading time":"2 minutes"},"schema":{"@context":"https:\/\/schema.org","@graph":[{"@type":"WebPage","@id":"https:\/\/www.decci.cz\/en\/about-us\/","url":"https:\/\/www.decci.cz\/en\/about-us\/","name":"About us - DECCI","isPartOf":{"@id":"https:\/\/www.decci.cz\/#website"},"primaryImageOfPage":{"@id":"https:\/\/www.decci.cz\/en\/about-us\/#primaryimage"},"image":{"@id":"https:\/\/www.decci.cz\/en\/about-us\/#primaryimage"},"thumbnailUrl":"https:\/\/www.decci.cz\/wp-content\/uploads\/2022\/07\/sluzba1.png","datePublished":"2022-07-07T06:43:13+00:00","breadcrumb":{"@id":"https:\/\/www.decci.cz\/en\/about-us\/#breadcrumb"},"inLanguage":"en-US","potentialAction":[{"@type":"ReadAction","target":["https:\/\/www.decci.cz\/en\/about-us\/"]}]},{"@type":"ImageObject","inLanguage":"en-US","@id":"https:\/\/www.decci.cz\/en\/about-us\/#primaryimage","url":"https:\/\/www.decci.cz\/wp-content\/uploads\/2022\/07\/sluzba1.png","contentUrl":"https:\/\/www.decci.cz\/wp-content\/uploads\/2022\/07\/sluzba1.png"},{"@type":"BreadcrumbList","@id":"https:\/\/www.decci.cz\/en\/about-us\/#breadcrumb","itemListElement":[{"@type":"ListItem","position":1,"name":"Dom\u016f","item":"https:\/\/www.decci.cz\/en\/"},{"@type":"ListItem","position":2,"name":"About us"}]},{"@type":"WebSite","@id":"https:\/\/www.decci.cz\/#website","url":"https:\/\/www.decci.cz\/","name":"DECCI","description":"Vytv\u00e1\u0159\u00edme infrastrukturu budoucnosti","potentialAction":[{"@type":"SearchAction","target":{"@type":"EntryPoint","urlTemplate":"https:\/\/www.decci.cz\/?s={search_term_string}"},"query-input":{"@type":"PropertyValueSpecification","valueRequired":true,"valueName":"search_term_string"}}],"inLanguage":"en-US"}]}},"_links":{"self":[{"href":"https:\/\/www.decci.cz\/en\/wp-json\/wp\/v2\/pages\/3595","targetHints":{"allow":["GET"]}}],"collection":[{"href":"https:\/\/www.decci.cz\/en\/wp-json\/wp\/v2\/pages"}],"about":[{"href":"https:\/\/www.decci.cz\/en\/wp-json\/wp\/v2\/types\/page"}],"author":[{"embeddable":true,"href":"https:\/\/www.decci.cz\/en\/wp-json\/wp\/v2\/users\/1"}],"replies":[{"embeddable":true,"href":"https:\/\/www.decci.cz\/en\/wp-json\/wp\/v2\/comments?post=3595"}],"version-history":[{"count":0,"href":"https:\/\/www.decci.cz\/en\/wp-json\/wp\/v2\/pages\/3595\/revisions"}],"wp:attachment":[{"href":"https:\/\/www.decci.cz\/en\/wp-json\/wp\/v2\/media?parent=3595"}],"curies":[{"name":"wp","href":"https:\/\/api.w.org\/{rel}","templated":true}]}}